{"id":1253,"date":"2013-09-06T16:28:00","date_gmt":"2013-09-06T16:28:00","guid":{"rendered":"http:\/\/mercagranada.es\/espaciosdisponibles\/?page_id=1253"},"modified":"2021-03-15T15:25:20","modified_gmt":"2021-03-15T13:25:20","slug":"carta-de-bienvenida-de-mercagranada","status":"publish","type":"page","link":"http:\/\/new.mercagranada.es\/espaciosdisponibles\/carta-de-bienvenida-de-mercagranada\/","title":{"rendered":"Carta de Bienvenida de Mercagranada"},"content":{"rendered":"<p style=\"text-align: justify;\">Mercagranada S.A. lleva <strong>desde el a\u00f1o 1.973 realizando su actividad<\/strong> en el sector de la alimentaci\u00f3n en Granada con el objetivo de ofrecer cada d\u00eda un mayor y mejor servicio a nuestros clientes adem\u00e1s de aportar nuestro grano de arena a la sostenibilidad ambiental, econ\u00f3mica y social<\/p>\n<p style=\"text-align: justify;\">Ofrecemos a las empresas que est\u00e1n instaladas en nuestro Unidad Alimentaria servicios complementarios que ning\u00fan otro pol\u00edgono industrial de la provincia les puede ofrecer, lo que nos convierte en <strong>un espacio diferente y \u00fanico<\/strong>. Los servicios unidos a nuestra buena ubicaci\u00f3n se traducen en un factor competitivo del que disfrutan las empresas asentadas en este parque alimentario.<\/p>\n<p style=\"text-align: justify;\">Nuestra actividad destaca por la<b>\u00a0<strong>concentraci\u00f3n y diversificaci\u00f3n<\/strong><\/b>, tanto de la oferta como de la demanda, puesto que aqu\u00ed se abastece el\u00a0peque\u00f1o y mediano comercio minorista alimentario y gran parte de la hosteler\u00eda granadina. Adem\u00e1s en nuestra merca se emplazan mayoristas relevantes de Andaluc\u00eda Oriental que unido a las actividades auxiliares como conservaci\u00f3n en fr\u00edo, entidades bancarias, vigilancia, seguridad, entre otras, complementan los servicios de los que disponen los usuarios, adem\u00e1s de contribuir y\u00a0<strong>potenciar el que surjan sinergias entre las empresas<\/strong>\u00a0instaladas y les permita ser m\u00e1s competitivas.<\/p>\n<p style=\"text-align: justify;\">Mercagranada es un\u00a0<strong>referente dentro del comercio tradicional de alimentos frescos<\/strong>\u00a0en la provincia ya que los productos comercializados en la merca est\u00e1n presentes en los mercados municipales, en las pescader\u00edas y fruter\u00edas de barrio adem\u00e1s de en canal HORECO representado la esencia de nuestra actividad. Queremos seguir si\u00e9ndolo en un futuro conservando lo mejor de nuestra actividad pero adapt\u00e1ndonos a los cambios que impone el mercado ya que las nuevas formas de abastecimiento exigen nuevos h\u00e1bitos de compra y de consumo, y es ah\u00ed donde Mercagranada apuesta de forma firme en promover una alimentaci\u00f3n fresca y de calidad. Nuestro compromiso decidido con la industria alimentaria, sobre todo, en lo que se refiere a\u00a0<strong>higiene alimentaria y gesti\u00f3n medioambiental<\/strong>\u00a0son otros de los valores que mueven las l\u00edneas estrat\u00e9gicas de nuestra empresa.<\/p>\n<p style=\"text-align: justify;\">Como empresa de capital p\u00fablico, destacamos<b> nuestra vinculaci\u00f3n especial con la comunidad a la que servimos<\/b>. A trav\u00e9s de nuestro modelo de gesti\u00f3n \u00abMercaexcelencia\u00bb (EFQM), compartimos con nuestros grupos de inter\u00e9s, y con el resto de los agentes sociales, las acciones y compromisos de \u00e1mbito social m\u00e1s destacados.<\/p>\n<p style=\"text-align: justify;\">Mercagranada sigue avanzando de forma eficiente y sostenible, optimizando los recursos que cada a\u00f1o genera. En este compromiso, la atenci\u00f3n a nuestros clientes y la innovaci\u00f3n constante son factores fundamentales para lograrlo; ambos se unen para encontrar soluciones reales y viables que den respuesta a los problemas que afrontamos.<\/p>\n<p>Entre los proyectos, iniciativas y acciones en constante desarrollo, destacamos los siguientes:<\/p>\n<ul style=\"text-align: justify;\">\n<li>Acciones dirigidas a la <strong>protecci\u00f3n medioambiental<\/strong>, optimizaci\u00f3n del consumos de energ\u00eda y agua.<\/li>\n<li>Acciones de <strong>separaci\u00f3n y valorizaci\u00f3n<\/strong> de los residuos producidos en la Unidad Alimentaria.<\/li>\n<li>Acciones de <strong>mejora del clima y satisfacci\u00f3n laboral<\/strong>\u00a0en nuestra empresa, as\u00ed como la colaboraci\u00f3n entre todos los entes que conforman la organizaci\u00f3n.<\/li>\n<li>Acciones de <strong>formaci\u00f3n y educaci\u00f3n dirigidas a colectivos infantiles, futuros profesionales del sector Horeco y la distribuci\u00f3n alimentaria, as\u00ed como a la sociedad<\/strong> en la que se destaca la importancia de realizar una alimentaci\u00f3n sana y saludable, la necesidad de cuidar el medio ambiente y la relevancia de promover el valor de la solidaridad con las personas desfavorecidas de nuestro entorno.<\/li>\n<li>Acciones de <strong>colaboraci\u00f3n y patrocinio con instituciones, fundaciones, organizaciones y empresas<\/strong>, para fomentar la pr\u00e1ctica del deporte, promocionar la cultura, desarrollar la igualdad real entre hombres y mujeres e impulsar acciones de I+D+i.<\/li>\n<li>Acciones de <strong>solidaridad y cooperaci\u00f3n con ONG\u2019s<\/strong>,\u00a0 principalmente con el Banco de Alimentos de Granada,\u00a0 en pro de los m\u00e1s desfavorecidos.<\/li>\n<\/ul>\n<p style=\"text-align: justify;\">Le invitamos a conocer de cerca el funcionamiento de esta Unidad Alimentaria y a apostar por una alimentaci\u00f3n fresca y saludable mediante el consumo de los productos comercializados en la merca.<\/p>\n<p style=\"text-align: justify;\">Reciba un cordial saludo,<\/p>\n<p style=\"text-align: justify;\">Adolfo Orti<\/p>\n<p style=\"text-align: justify;\">Gerente de Mercagranada S. A.<\/p>\n<p><img class=\"alignnone size-full wp-image-5181\" src=\"http:\/\/mercagranada.es\/espaciosdisponibles\/wp-content\/uploads\/carta-final.jpg\" alt=\"carta-final\" width=\"100%\" srcset=\"http:\/\/new.mercagranada.es\/espaciosdisponibles\/wp-content\/uploads\/carta-final.jpg 611w, http:\/\/new.mercagranada.es\/espaciosdisponibles\/wp-content\/uploads\/carta-final-300x188.jpg 300w, http:\/\/new.mercagranada.es\/espaciosdisponibles\/wp-content\/uploads\/carta-final-290x180.jpg 290w\" sizes=\"(max-width: 611px) 100vw, 611px\" \/><\/p>\n","protected":false},"excerpt":{"rendered":"<p>Mercagranada S.A. lleva desde el a\u00f1o 1.973 realizando su actividad en el sector de la alimentaci\u00f3n en Granada con el objetivo de ofrecer cada d\u00eda un mayor y mejor servicio a nuestros clientes adem\u00e1s de aportar nuestro grano de arena a la sostenibilidad ambiental, econ\u00f3mica y social Ofrecemos a las empresas que est\u00e1n instaladas en [&hellip;]<\/p>\n","protected":false},"author":1,"featured_media":0,"parent":0,"menu_order":0,"comment_status":"open","ping_status":"open","template":"page_sidebar.php","meta":[],"_links":{"self":[{"href":"http:\/\/new.mercagranada.es\/espaciosdisponibles\/wp-json\/wp\/v2\/pages\/1253"}],"collection":[{"href":"http:\/\/new.mercagranada.es\/espaciosdisponibles\/wp-json\/wp\/v2\/pages"}],"about":[{"href":"http:\/\/new.mercagranada.es\/espaciosdisponibles\/wp-json\/wp\/v2\/types\/page"}],"author":[{"embeddable":true,"href":"http:\/\/new.mercagranada.es\/espaciosdisponibles\/wp-json\/wp\/v2\/users\/1"}],"replies":[{"embeddable":true,"href":"http:\/\/new.mercagranada.es\/espaciosdisponibles\/wp-json\/wp\/v2\/comments?post=1253"}],"version-history":[{"count":25,"href":"http:\/\/new.mercagranada.es\/espaciosdisponibles\/wp-json\/wp\/v2\/pages\/1253\/revisions"}],"predecessor-version":[{"id":50407,"href":"http:\/\/new.mercagranada.es\/espaciosdisponibles\/wp-json\/wp\/v2\/pages\/1253\/revisions\/50407"}],"wp:attachment":[{"href":"http:\/\/new.mercagranada.es\/espaciosdisponibles\/wp-json\/wp\/v2\/media?parent=1253"}],"curies":[{"name":"wp","href":"https:\/\/api.w.org\/{rel}","templated":true}]}}