{"id":1366,"date":"2013-09-09T16:55:35","date_gmt":"2013-09-09T16:55:35","guid":{"rendered":"http:\/\/mercagranada.es\/espaciosdisponibles\/?page_id=1366"},"modified":"2020-12-24T11:34:43","modified_gmt":"2020-12-24T09:34:43","slug":"codigo-de-conducta","status":"publish","type":"page","link":"http:\/\/new.mercagranada.es\/espaciosdisponibles\/codigo-de-conducta\/","title":{"rendered":"C\u00f3digo de Conducta"},"content":{"rendered":"<p style=\"text-align: justify;\"><strong>C\u00f3digo de Conducta y Buenas Pr\u00e1cticas<\/strong><\/p>\n<p style=\"text-align: justify;\">Mercagranada tiene encomendado, como servicio p\u00fablico, la promoci\u00f3n y explotaci\u00f3n de los Mercados Mayoristas de la ciudad de Granada, as\u00ed como la mejora de todos los \u00f3rdenes del ciclo de comercializaci\u00f3n de los productos alimenticios. Mantiene el compromiso con la sociedad, que <strong>manifiesta a trav\u00e9s de los valores que marcan su actuaci\u00f3n y toma de decisiones e impregnan su cultura corporativa<\/strong>:<\/p>\n<ul style=\"text-align: justify;\">\n<li><b>Rigor<\/b>, que implica la m\u00e1xima exigencia en la gesti\u00f3n, el control y la ejecuci\u00f3n de sus responsabilidades.<\/li>\n<li><b>Austeridad<\/b>\u00a0en la utilizaci\u00f3n de sus recursos, buscando el mayor aprovechamiento y optimizaci\u00f3n de los mismos.<\/li>\n<li><b>Profesionalidad<\/b>, enfocada hacia la obtenci\u00f3n de los mejores resultados y objetivos en la gesti\u00f3n de su patrimonio.<\/li>\n<li><b>Transparencia\u00a0<\/b>en todas sus actuaciones, a fin de trasladar a la opini\u00f3n p\u00fablica una imagen fiel del cumplimiento de sus obligaciones.<\/li>\n<\/ul>\n<p><a href=\"http:\/\/mercagranada.es\/espaciosdisponibles\/wp-content\/uploads\/2020\/07\/Mercagranada-Codigo-de-Conducta-ultima-revision-marzo-2018.pdf\"><img loading=\"lazy\" class=\"ancho-completo alignnone wp-image-4686 size-full\" src=\"http:\/\/mercagranada.es\/espaciosdisponibles\/wp-content\/uploads\/mercagranada-servicios-categorias-08.jpg\" alt=\"MercaGranada SA - C\u00f3digo de Conducta y Buenas Pr\u00e1cticas\" width=\"610\" height=\"300\" srcset=\"http:\/\/new.mercagranada.es\/espaciosdisponibles\/wp-content\/uploads\/mercagranada-servicios-categorias-08.jpg 610w, http:\/\/new.mercagranada.es\/espaciosdisponibles\/wp-content\/uploads\/mercagranada-servicios-categorias-08-300x147.jpg 300w\" sizes=\"(max-width: 610px) 100vw, 610px\" \/><\/a><\/p>\n<p>Este C\u00f3digo es una reflexi\u00f3n conjunta y voluntaria de nuestra organizaci\u00f3n y a trav\u00e9s del mismo, reflejamos los valores y compromisos alcanzados con nuestra experiencia y soportamos y guiamos la actividad de las personas por \u00e9l afectadas.<\/p>\n<p><a style=\"padding: 4px 12px; background-color: #e62323; color: #fff;\" href=\"http:\/\/mercagranada.es\/espaciosdisponibles\/wp-content\/uploads\/2020\/07\/Mercagranada-Codigo-de-Conducta-ultima-revision-marzo-2018.pdf\">Descargar c\u00f3digo de Conducta<\/a><\/p>\n","protected":false},"excerpt":{"rendered":"<p>C\u00f3digo de Conducta y Buenas Pr\u00e1cticas Mercagranada tiene encomendado, como servicio p\u00fablico, la promoci\u00f3n y explotaci\u00f3n de los Mercados Mayoristas de la ciudad de Granada, as\u00ed como la mejora de todos los \u00f3rdenes del ciclo de comercializaci\u00f3n de los productos alimenticios. Mantiene el compromiso con la sociedad, que manifiesta a trav\u00e9s de los valores que [&hellip;]<\/p>\n","protected":false},"author":1,"featured_media":0,"parent":0,"menu_order":0,"comment_status":"open","ping_status":"open","template":"page_sidebar.php","meta":[],"_links":{"self":[{"href":"http:\/\/new.mercagranada.es\/espaciosdisponibles\/wp-json\/wp\/v2\/pages\/1366"}],"collection":[{"href":"http:\/\/new.mercagranada.es\/espaciosdisponibles\/wp-json\/wp\/v2\/pages"}],"about":[{"href":"http:\/\/new.mercagranada.es\/espaciosdisponibles\/wp-json\/wp\/v2\/types\/page"}],"author":[{"embeddable":true,"href":"http:\/\/new.mercagranada.es\/espaciosdisponibles\/wp-json\/wp\/v2\/users\/1"}],"replies":[{"embeddable":true,"href":"http:\/\/new.mercagranada.es\/espaciosdisponibles\/wp-json\/wp\/v2\/comments?post=1366"}],"version-history":[{"count":24,"href":"http:\/\/new.mercagranada.es\/espaciosdisponibles\/wp-json\/wp\/v2\/pages\/1366\/revisions"}],"predecessor-version":[{"id":49599,"href":"http:\/\/new.mercagranada.es\/espaciosdisponibles\/wp-json\/wp\/v2\/pages\/1366\/revisions\/49599"}],"wp:attachment":[{"href":"http:\/\/new.mercagranada.es\/espaciosdisponibles\/wp-json\/wp\/v2\/media?parent=1366"}],"curies":[{"name":"wp","href":"https:\/\/api.w.org\/{rel}","templated":true}]}}