{"id":2304,"date":"2013-10-22T16:25:10","date_gmt":"2013-10-22T14:25:10","guid":{"rendered":"http:\/\/mercagranada.es\/?page_id=2304"},"modified":"2016-10-26T11:16:49","modified_gmt":"2016-10-26T09:16:49","slug":"programa-conoce-los-alimentos","status":"publish","type":"page","link":"http:\/\/new.mercagranada.es\/espaciosdisponibles\/excursiones-para-colegios\/programa-conoce-los-alimentos\/","title":{"rendered":"Qu\u00e9 es y en que consiste Conoce Mercagranada y los Alimentos"},"content":{"rendered":"<p style=\"text-align: center;\"><a href=\"http:\/\/mercagranada.es\/espaciosdisponibles\/wp-content\/uploads\/mercagranada-conoce-los-alimentos-banner-091.jpg\" data-rel=\"lightbox-image-0\" data-rl_title=\"\" data-rl_caption=\"\" title=\"\"><img loading=\"lazy\" class=\"aligncenter wp-image-4654\" src=\"http:\/\/mercagranada.es\/espaciosdisponibles\/wp-content\/uploads\/mercagranada-conoce-los-alimentos-banner-091.jpg\" alt=\"Programa Conoce los alimentos\" width=\"576\" height=\"345\" srcset=\"http:\/\/new.mercagranada.es\/espaciosdisponibles\/wp-content\/uploads\/mercagranada-conoce-los-alimentos-banner-091.jpg 640w, http:\/\/new.mercagranada.es\/espaciosdisponibles\/wp-content\/uploads\/mercagranada-conoce-los-alimentos-banner-091-300x179.jpg 300w\" sizes=\"(max-width: 576px) 100vw, 576px\" \/><\/a><\/p>\n<p><strong>Conoce Mercagranada y los Alimentos<\/strong> es un plan de apoyo a la dieta sana en la infancia. Con \u00e9l, pretendemos impulsar en los m\u00e1s peque\u00f1os un h\u00e1bito de vida saludable basado en una <strong>alimentaci\u00f3n a base de productos frescos<\/strong> y pr\u00e1ctica de actividad f\u00edsica moderada.<\/p>\n<p>Para ello, cada curso acad\u00e9mico, Mercagranada recibe en sus instalaciones a m\u00e1s de mil alumnos procedentes de los centro escolares de toda Granada.<\/p>\n<p>Cada visita de un Centro Escolar a la Unidad Alimentaria comprende la siguiente estructura:<\/p>\n<ul>\n<li>Conocemos Mercagranada: presentaci\u00f3n de la instalaciones y conceptos de mayorista y minorista, trazabilidad de los productos y etiquetado.<\/li>\n<li>Conoce el trabajo de una ONG, el Banco de Alimentos.<\/li>\n<li>Taller de los sentidos del Pescado: Pescados azules y blancos, como diferenciar el pescado fresco, beneficios, etc.<\/li>\n<li>Taller de los sentidos de Frutas y verduras por temporada, cualidades y beneficios, etc.<\/li>\n<li>Las distintas gamas de los alimentos.<\/li>\n<li>La pir\u00e1mide nutricional.<\/li>\n<li>H\u00e1bitos de vida sana y saludable.<\/li>\n<li>Juegos relacionados con la alimentaci\u00f3n.<\/li>\n<\/ul>\n<style type=\"text\/css\">\n\t\t\t#gallery-1 {\n\t\t\t\tmargin: auto;\n\t\t\t}\n\t\t\t#gallery-1 .gallery-item {\n\t\t\t\tfloat: left;\n\t\t\t\tmargin-top: 10px;\n\t\t\t\ttext-align: center;\n\t\t\t\twidth: 33%;\n\t\t\t}\n\t\t\t#gallery-1 img {\n\t\t\t\tborder: 2px solid #cfcfcf;\n\t\t\t}\n\t\t\t#gallery-1 .gallery-caption {\n\t\t\t\tmargin-left: 0;\n\t\t\t}\n\t\t\t\/* see gallery_shortcode() in wp-includes\/media.php *\/\n\t\t<\/style>\n<div id='gallery-1' class='gallery galleryid-2304 gallery-columns-3 gallery-size-thumbnail'>\n<dl class='gallery-item'>\n<dt class='gallery-icon portrait'>\n\t\t\t\t<a href='http:\/\/new.mercagranada.es\/espaciosdisponibles\/wp-content\/uploads\/Aula-de-los-sentidos.png' title=\"\" data-rl_title=\"\" class=\"rl-gallery-link\" data-rl_caption=\"\" data-rel=\"lightbox-gallery-1\"><img width=\"150\" height=\"150\" src=\"http:\/\/new.mercagranada.es\/espaciosdisponibles\/wp-content\/uploads\/Aula-de-los-sentidos-150x150.png\" class=\"attachment-thumbnail size-thumbnail\" alt=\"Programa Conoce los alimentos\" loading=\"lazy\" \/><\/a>\n\t\t\t<\/dt>\n<\/dl>\n<dl class='gallery-item'>\n<dt class='gallery-icon portrait'>\n\t\t\t\t<a href='http:\/\/new.mercagranada.es\/espaciosdisponibles\/wp-content\/uploads\/mercagranada_aula_sentidos_carteles-01.jpg' title=\"\" data-rl_title=\"\" class=\"rl-gallery-link\" data-rl_caption=\"\" data-rel=\"lightbox-gallery-1\"><img width=\"150\" height=\"150\" src=\"http:\/\/new.mercagranada.es\/espaciosdisponibles\/wp-content\/uploads\/mercagranada_aula_sentidos_carteles-01-150x150.jpg\" class=\"attachment-thumbnail size-thumbnail\" alt=\"Programa Conoce los alimentos\" loading=\"lazy\" \/><\/a>\n\t\t\t<\/dt>\n<\/dl>\n<dl class='gallery-item'>\n<dt class='gallery-icon portrait'>\n\t\t\t\t<a href='http:\/\/new.mercagranada.es\/espaciosdisponibles\/wp-content\/uploads\/frutas-manzana-al-lado.png' title=\"\" data-rl_title=\"\" class=\"rl-gallery-link\" data-rl_caption=\"\" data-rel=\"lightbox-gallery-1\"><img width=\"150\" height=\"150\" src=\"http:\/\/new.mercagranada.es\/espaciosdisponibles\/wp-content\/uploads\/frutas-manzana-al-lado-150x150.png\" class=\"attachment-thumbnail size-thumbnail\" alt=\"Programa Conoce los alimentos\" loading=\"lazy\" \/><\/a>\n\t\t\t<\/dt>\n<\/dl>\n<p><br style=\"clear: both\" \/><\/p>\n<dl class='gallery-item'>\n<dt class='gallery-icon portrait'>\n\t\t\t\t<a href='http:\/\/new.mercagranada.es\/espaciosdisponibles\/wp-content\/uploads\/mercagranada_aula_sentidos_carteles-06.jpg' title=\"\" data-rl_title=\"\" class=\"rl-gallery-link\" data-rl_caption=\"\" data-rel=\"lightbox-gallery-1\"><img width=\"150\" height=\"150\" src=\"http:\/\/new.mercagranada.es\/espaciosdisponibles\/wp-content\/uploads\/mercagranada_aula_sentidos_carteles-06-150x150.jpg\" class=\"attachment-thumbnail size-thumbnail\" alt=\"Programa Conoce los alimentos\" loading=\"lazy\" \/><\/a>\n\t\t\t<\/dt>\n<\/dl>\n<dl class='gallery-item'>\n<dt class='gallery-icon portrait'>\n\t\t\t\t<a href='http:\/\/new.mercagranada.es\/espaciosdisponibles\/wp-content\/uploads\/deporte.png' title=\"\" data-rl_title=\"\" class=\"rl-gallery-link\" data-rl_caption=\"\" data-rel=\"lightbox-gallery-1\"><img width=\"150\" height=\"150\" src=\"http:\/\/new.mercagranada.es\/espaciosdisponibles\/wp-content\/uploads\/deporte-150x150.png\" class=\"attachment-thumbnail size-thumbnail\" alt=\"Programa Conoce los alimentos\" loading=\"lazy\" \/><\/a>\n\t\t\t<\/dt>\n<\/dl>\n<dl class='gallery-item'>\n<dt class='gallery-icon portrait'>\n\t\t\t\t<a href='http:\/\/new.mercagranada.es\/espaciosdisponibles\/wp-content\/uploads\/naturaleza.png' title=\"\" data-rl_title=\"\" class=\"rl-gallery-link\" data-rl_caption=\"\" data-rel=\"lightbox-gallery-1\"><img width=\"150\" height=\"150\" src=\"http:\/\/new.mercagranada.es\/espaciosdisponibles\/wp-content\/uploads\/naturaleza-150x150.png\" class=\"attachment-thumbnail size-thumbnail\" alt=\"Programa Conoce los alimentos\" loading=\"lazy\" \/><\/a>\n\t\t\t<\/dt>\n<\/dl>\n<p><br style=\"clear: both\" \/>\n\t\t<\/div>\n<p>Asimismo, Mercagranada ofrece a los centros escolares la posibilidad de realizar una charla educativa basada en el aprendizaje de conceptos relacionados con el sector de la alimentaci\u00f3n y su relaci\u00f3n con una vida sana y el deporte. Nuestro objetivo es ense\u00f1ar a los m\u00e1s peque\u00f1os a comer todo tipo de alimentos de una forma divertida y sana bas\u00e1ndonos en ofrecer una educaci\u00f3n did\u00e1ctica y din\u00e1mica.<\/p>\n<p style=\"text-align: center;\"><a class=\"boton-descarga\" href=\"http:\/\/mercagranada.es\/descargas\/ConoceAlimentos\/presentacion.pdf\"><i class=\"fa fa-download\"><\/i> \u00a1Descarga la presentaci\u00f3n del programa haciendo click aqu\u00ed!<\/a><\/p>\n","protected":false},"excerpt":{"rendered":"<p>Conoce Mercagranada y los Alimentos es un plan de apoyo a la dieta sana en la infancia. Con \u00e9l, pretendemos impulsar en los m\u00e1s peque\u00f1os un h\u00e1bito de vida saludable basado en una alimentaci\u00f3n a base de productos frescos y pr\u00e1ctica de actividad f\u00edsica moderada. Para ello, cada curso acad\u00e9mico, Mercagranada recibe en sus instalaciones [&hellip;]<\/p>\n","protected":false},"author":1,"featured_media":0,"parent":2276,"menu_order":0,"comment_status":"open","ping_status":"open","template":"page_sidebar.php","meta":[],"_links":{"self":[{"href":"http:\/\/new.mercagranada.es\/espaciosdisponibles\/wp-json\/wp\/v2\/pages\/2304"}],"collection":[{"href":"http:\/\/new.mercagranada.es\/espaciosdisponibles\/wp-json\/wp\/v2\/pages"}],"about":[{"href":"http:\/\/new.mercagranada.es\/espaciosdisponibles\/wp-json\/wp\/v2\/types\/page"}],"author":[{"embeddable":true,"href":"http:\/\/new.mercagranada.es\/espaciosdisponibles\/wp-json\/wp\/v2\/users\/1"}],"replies":[{"embeddable":true,"href":"http:\/\/new.mercagranada.es\/espaciosdisponibles\/wp-json\/wp\/v2\/comments?post=2304"}],"version-history":[{"count":37,"href":"http:\/\/new.mercagranada.es\/espaciosdisponibles\/wp-json\/wp\/v2\/pages\/2304\/revisions"}],"predecessor-version":[{"id":7854,"href":"http:\/\/new.mercagranada.es\/espaciosdisponibles\/wp-json\/wp\/v2\/pages\/2304\/revisions\/7854"}],"up":[{"embeddable":true,"href":"http:\/\/new.mercagranada.es\/espaciosdisponibles\/wp-json\/wp\/v2\/pages\/2276"}],"wp:attachment":[{"href":"http:\/\/new.mercagranada.es\/espaciosdisponibles\/wp-json\/wp\/v2\/media?parent=2304"}],"curies":[{"name":"wp","href":"https:\/\/api.w.org\/{rel}","templated":true}]}}