{"id":2312,"date":"2013-10-22T16:32:48","date_gmt":"2013-10-22T14:32:48","guid":{"rendered":"http:\/\/mercagranada.es\/?page_id=2312"},"modified":"2016-10-26T11:23:44","modified_gmt":"2016-10-26T09:23:44","slug":"solicita-tu-charla","status":"publish","type":"page","link":"http:\/\/new.mercagranada.es\/espaciosdisponibles\/excursiones-para-colegios\/solicita-tu-charla\/","title":{"rendered":"Solicita tu charla"},"content":{"rendered":"<p><strong>Solicita tu charla<\/strong><\/p>\n<p><img loading=\"lazy\" class=\"alignnone wp-image-5749 size-full\" src=\"http:\/\/mercagranada.es\/espaciosdisponibles\/wp-content\/uploads\/solicitar-charla-mercagranada.jpg\" alt=\"Solicita tu charla - MercaGranada SA\" width=\"600\" height=\"115\" srcset=\"http:\/\/new.mercagranada.es\/espaciosdisponibles\/wp-content\/uploads\/solicitar-charla-mercagranada.jpg 600w, http:\/\/new.mercagranada.es\/espaciosdisponibles\/wp-content\/uploads\/solicitar-charla-mercagranada-300x58.jpg 300w\" sizes=\"(max-width: 600px) 100vw, 600px\" \/><\/p>\n<p>\u00bfQuieres conocer m\u00e1s informaci\u00f3n sobre las charlas? Si est\u00e1s interesado en que un profesional de Mercagranada ofrezca una charla en tu colegio, ponte en contacto con nosotros a trav\u00e9s de este formulario y te informaremos de todo.<\/p>\n<div role=\"form\" class=\"wpcf7\" id=\"wpcf7-f2316-o1\" lang=\"es-ES\" dir=\"ltr\">\n<div class=\"screen-reader-response\">\n<p role=\"status\" aria-live=\"polite\" aria-atomic=\"true\">\n<ul><\/ul>\n<\/div>\n<form action=\"\/espaciosdisponibles\/wp-json\/wp\/v2\/pages\/2312#wpcf7-f2316-o1\" method=\"post\" class=\"wpcf7-form init\" novalidate=\"novalidate\" data-status=\"init\">\n<div style=\"display: none;\">\n<input type=\"hidden\" name=\"_wpcf7\" value=\"2316\" \/><br \/>\n<input type=\"hidden\" name=\"_wpcf7_version\" value=\"5.3.2\" \/><br \/>\n<input type=\"hidden\" name=\"_wpcf7_locale\" value=\"es_ES\" \/><br \/>\n<input type=\"hidden\" name=\"_wpcf7_unit_tag\" value=\"wpcf7-f2316-o1\" \/><br \/>\n<input type=\"hidden\" name=\"_wpcf7_container_post\" value=\"0\" \/><br \/>\n<input type=\"hidden\" name=\"_wpcf7_posted_data_hash\" value=\"\" \/>\n<\/div>\n<p>Solicita una charla \u00abConoce Los Alimentos\u00bb<\/p>\n<div style=\"min-width:200px; float:left; margin-right:20px;\">\n<p>\nNombre (obligatorio)<br \/>\n<span class=\"wpcf7-form-control-wrap your-name\"><input type=\"text\" name=\"your-name\" value=\"\" size=\"40\" class=\"wpcf7-form-control wpcf7-text wpcf7-validates-as-required inputEspacios\" aria-required=\"true\" aria-invalid=\"false\" \/><\/span> <br \/>\nColegio <br \/>\n<span class=\"wpcf7-form-control-wrap escuela\"><input type=\"text\" name=\"escuela\" value=\"\" size=\"40\" class=\"wpcf7-form-control wpcf7-text inputEspacios\" aria-invalid=\"false\" \/><\/span><br \/>\nTelefono<br \/>\n<span class=\"wpcf7-form-control-wrap telefono\"><input type=\"text\" name=\"telefono\" value=\"\" size=\"40\" class=\"wpcf7-form-control wpcf7-text inputEspacios\" aria-invalid=\"false\" \/><\/span><br \/>\nEmail (obligatorio)<br \/>\n<span class=\"wpcf7-form-control-wrap your-email\"><input type=\"email\" name=\"your-email\" value=\"\" size=\"40\" class=\"wpcf7-form-control wpcf7-text wpcf7-email wpcf7-validates-as-required wpcf7-validates-as-email inputEspacios\" aria-required=\"true\" aria-invalid=\"false\" \/><\/span>\n<\/p>\n<\/div>\n<div style=\"min-width:410px; float:left;\">\n<p>\nMensaje<\/p>\n<p><span class=\"wpcf7-form-control-wrap your-message\"><textarea name=\"your-message\" cols=\"100\" rows=\"3\" class=\"wpcf7-form-control wpcf7-textarea areaEspacios\" id=\"textoVisita\" aria-invalid=\"false\"><\/textarea><\/span>\n<\/p>\n<p class=\"comment-reply-title comentarios\"><strong>Informaci\u00f3n sobre protecci\u00f3n de datos<\/strong><\/p>\n<p class=\"comment-subscription-form\">\n<ul>\n<li><strong>Responsable: <\/strong>MercaGranada.es<\/li>\n<li><strong>Fin del tratamiento: <\/strong>Controlar el spam, gesti\u00f3n de comentarios<\/li>\n<li><strong>Legitimaci\u00f3n: <\/strong>Tu consentimiento<\/li>\n<li><strong>Comunicaci\u00f3n de los datos: <\/strong>No se comunicar\u00e1n los datos a terceros salvo por  obligaci\u00f3n legal.<\/li>\n<li><strong>Derechos: <\/strong>Acceso, rectificaci\u00f3n, portabilidad, olvido.<\/li>\n<li><strong>Contacto: <\/strong><a href=\"mailto:comercial@mercagranada.es\" title=\"Contacta\">comercial@mercagranada.es<\/a>.<\/li>\n<li><strong>Informaci\u00f3n adicional: <\/strong>M\u00e1s informaci\u00f3n en <a href=\"http:\/\/mercagranada.es\/politica-privacidad\/\" target = \"_BLANK\" title=\"Pol\u00edtica de Privacidad\">nuestra pol\u00edtica de privacidad<\/a>.<\/li>\n<\/ul>\n<p><span class=\"wpcf7-form-control-wrap acceptance-918\"><span class=\"wpcf7-form-control wpcf7-acceptance\"><span class=\"wpcf7-list-item\"><input type=\"checkbox\" name=\"acceptance-918\" value=\"1\" aria-invalid=\"false\" \/><\/span><\/span><\/span> He leido y acepto <a href=\"http:\/\/mercagranada.es\/politica-privacidad\/\" target=\"_blank\">la Pol\u00edtica de Privacidad<\/a><\/p>\n<p><span class=\"wpcf7-form-control-wrap acceptance-155\"><span class=\"wpcf7-form-control wpcf7-acceptance\"><span class=\"wpcf7-list-item\"><input type=\"checkbox\" name=\"acceptance-155\" value=\"1\" aria-invalid=\"false\" \/><\/span><\/span><\/span> He leido y acepto <a href=\"http:\/\/mercagranada.es\/consentimiento-proteccion-de-datos\/\" target=\"_blank\">las conciciones<\/a><\/p>\n<p><span class=\"wpcf7-form-control-wrap checkbox-28\"><span class=\"wpcf7-form-control wpcf7-checkbox\"><span class=\"wpcf7-list-item first last\"><input type=\"checkbox\" name=\"checkbox-28[]\" value=\"No quiero recibir comunicaciones publicitarias\" \/><span class=\"wpcf7-list-item-label\">No quiero recibir comunicaciones publicitarias<\/span><\/span><\/span><\/span><\/p>\n<div class = \"bloque\">\n<div id=\"cf7sr-6a0910f518669\" class=\"cf7sr-g-recaptcha\" data-theme=\"light\" data-type=\"image\" data-size=\"normal\" data-sitekey=\"6Ld5HnoUAAAAAAuXsbNRUsDOBJNhjMO9CdLdDhxa\"><\/div>\n<p><span class=\"wpcf7-form-control-wrap cf7sr-recaptcha\" data-name=\"cf7sr-recaptcha\"><input type=\"hidden\" name=\"cf7sr-recaptcha\" value=\"\" class=\"wpcf7-form-control\"><\/span><\/div>\n<p><input type=\"submit\" value=\"Enviar\" class=\"wpcf7-form-control wpcf7-submit btnEspacios\" \/>\n<\/p>\n<\/div>\n<div style=\"clear:both\"><\/div>\n<p style=\"display: none !important;\"><label>&#916;<textarea name=\"_wpcf7_ak_hp_textarea\" cols=\"45\" rows=\"8\" maxlength=\"100\"><\/textarea><\/label><input type=\"hidden\" id=\"ak_js_1\" name=\"_wpcf7_ak_js\" value=\"51\"\/><script>document.getElementById( \"ak_js_1\" ).setAttribute( \"value\", ( new Date() ).getTime() );<\/script><\/p>\n<div class=\"wpcf7-response-output\" aria-hidden=\"true\"><\/div>\n<\/form>\n<\/div>\n","protected":false},"excerpt":{"rendered":"<p>Solicita tu charla \u00bfQuieres conocer m\u00e1s informaci\u00f3n sobre las charlas? Si est\u00e1s interesado en que un profesional de Mercagranada ofrezca una charla en tu colegio, ponte en contacto con nosotros a trav\u00e9s de este formulario y te informaremos de todo.<\/p>\n","protected":false},"author":1,"featured_media":0,"parent":2276,"menu_order":0,"comment_status":"open","ping_status":"open","template":"page_sidebar.php","meta":[],"_links":{"self":[{"href":"http:\/\/new.mercagranada.es\/espaciosdisponibles\/wp-json\/wp\/v2\/pages\/2312"}],"collection":[{"href":"http:\/\/new.mercagranada.es\/espaciosdisponibles\/wp-json\/wp\/v2\/pages"}],"about":[{"href":"http:\/\/new.mercagranada.es\/espaciosdisponibles\/wp-json\/wp\/v2\/types\/page"}],"author":[{"embeddable":true,"href":"http:\/\/new.mercagranada.es\/espaciosdisponibles\/wp-json\/wp\/v2\/users\/1"}],"replies":[{"embeddable":true,"href":"http:\/\/new.mercagranada.es\/espaciosdisponibles\/wp-json\/wp\/v2\/comments?post=2312"}],"version-history":[{"count":10,"href":"http:\/\/new.mercagranada.es\/espaciosdisponibles\/wp-json\/wp\/v2\/pages\/2312\/revisions"}],"predecessor-version":[{"id":7855,"href":"http:\/\/new.mercagranada.es\/espaciosdisponibles\/wp-json\/wp\/v2\/pages\/2312\/revisions\/7855"}],"up":[{"embeddable":true,"href":"http:\/\/new.mercagranada.es\/espaciosdisponibles\/wp-json\/wp\/v2\/pages\/2276"}],"wp:attachment":[{"href":"http:\/\/new.mercagranada.es\/espaciosdisponibles\/wp-json\/wp\/v2\/media?parent=2312"}],"curies":[{"name":"wp","href":"https:\/\/api.w.org\/{rel}","templated":true}]}}