{"id":2443,"date":"2013-10-29T18:27:56","date_gmt":"2013-10-29T16:27:56","guid":{"rendered":"http:\/\/mercagranada.es\/?page_id=2443"},"modified":"2016-10-25T20:55:39","modified_gmt":"2016-10-25T18:55:39","slug":"circuito-de-la-visita","status":"publish","type":"page","link":"http:\/\/new.mercagranada.es\/espaciosdisponibles\/excursiones-para-colegios\/conoce-nuestro-programa\/circuito-de-la-visita\/","title":{"rendered":"Circuito"},"content":{"rendered":"<h2 id=\"circuito\" class=\"widgettitle header\">Circuito<\/h2>\n<p><strong>El circuito de la visita ense\u00f1ar\u00e1\u00a0<\/strong>al alumno el funcionamiento de un centro como MercaGranada,<strong> descrubrir\u00e1n los pasos que siguen los alimentos que consumen en sus casas. El objetivo de este circuito<\/strong> ser\u00e1 que el alumno pueda conocer, de primera mano, la importancia de la labor que se lleva a cabo en Mercagranada para conseguir un producto fresco en nuestra mesa cada d\u00eda. Adem\u00e1s, el alumno conocer\u00e1 la importancia de la alimentaci\u00f3n sana y la practica moderada de deporte.<\/p>\n<p><a href=\"http:\/\/mercagranada.es\/espaciosdisponibles\/wp-content\/uploads\/circuito-visita-mercagranada.jpg\" data-rel=\"lightbox-image-0\" data-rl_title=\"\" data-rl_caption=\"\" title=\"\"><img loading=\"lazy\" class=\"aligncenter wp-image-5736 size-full\" src=\"http:\/\/mercagranada.es\/espaciosdisponibles\/wp-content\/uploads\/circuito-visita-mercagranada.jpg\" alt=\"Circuito de la visita - MercaGranada SA\" width=\"600\" height=\"424\" srcset=\"http:\/\/new.mercagranada.es\/espaciosdisponibles\/wp-content\/uploads\/circuito-visita-mercagranada.jpg 600w, http:\/\/new.mercagranada.es\/espaciosdisponibles\/wp-content\/uploads\/circuito-visita-mercagranada-300x212.jpg 300w\" sizes=\"(max-width: 600px) 100vw, 600px\" \/><\/a><\/p>\n<h2>Sigue nuestro circuito de la visita a MercaGranada<\/h2>\n<p><img loading=\"lazy\" class=\"aligncenter wp-image-5738 size-full\" src=\"http:\/\/mercagranada.es\/espaciosdisponibles\/wp-content\/uploads\/circuito-visita-1-mercagranada.jpg\" alt=\"Circuito de la visita - MercaGranada SA\" width=\"334\" height=\"120\" srcset=\"http:\/\/new.mercagranada.es\/espaciosdisponibles\/wp-content\/uploads\/circuito-visita-1-mercagranada.jpg 334w, http:\/\/new.mercagranada.es\/espaciosdisponibles\/wp-content\/uploads\/circuito-visita-1-mercagranada-300x108.jpg 300w\" sizes=\"(max-width: 334px) 100vw, 334px\" \/><\/p>\n<p><img class=\"size-medium wp-image-5739 aligncenter\" src=\"http:\/\/mercagranada.es\/espaciosdisponibles\/wp-content\/uploads\/circuito-visita-2-mercagranada.jpg\" alt=\"circuito-visita-2-mercagranada\" width=\"80%\" srcset=\"http:\/\/new.mercagranada.es\/espaciosdisponibles\/wp-content\/uploads\/circuito-visita-2-mercagranada.jpg 1039w, http:\/\/new.mercagranada.es\/espaciosdisponibles\/wp-content\/uploads\/circuito-visita-2-mercagranada-300x104.jpg 300w, http:\/\/new.mercagranada.es\/espaciosdisponibles\/wp-content\/uploads\/circuito-visita-2-mercagranada-1024x355.jpg 1024w\" sizes=\"(max-width: 1039px) 100vw, 1039px\" \/><\/p>\n<p><img class=\"size-medium wp-image-5741 aligncenter\" src=\"http:\/\/mercagranada.es\/espaciosdisponibles\/wp-content\/uploads\/circuito-visita-3-mercagranada.jpg\" alt=\"circuito-visita-3-mercagranada\" width=\"80%\" srcset=\"http:\/\/new.mercagranada.es\/espaciosdisponibles\/wp-content\/uploads\/circuito-visita-3-mercagranada.jpg 1285w, http:\/\/new.mercagranada.es\/espaciosdisponibles\/wp-content\/uploads\/circuito-visita-3-mercagranada-300x92.jpg 300w, http:\/\/new.mercagranada.es\/espaciosdisponibles\/wp-content\/uploads\/circuito-visita-3-mercagranada-1024x314.jpg 1024w\" sizes=\"(max-width: 1285px) 100vw, 1285px\" \/><\/p>\n<p><img class=\"size-medium wp-image-5740 aligncenter\" src=\"http:\/\/mercagranada.es\/espaciosdisponibles\/wp-content\/uploads\/circuito-visita-4-mercagranada.jpg\" alt=\"circuito-visita-4-mercagranada\" width=\"80%\" srcset=\"http:\/\/new.mercagranada.es\/espaciosdisponibles\/wp-content\/uploads\/circuito-visita-4-mercagranada.jpg 785w, http:\/\/new.mercagranada.es\/espaciosdisponibles\/wp-content\/uploads\/circuito-visita-4-mercagranada-300x196.jpg 300w\" sizes=\"(max-width: 785px) 100vw, 785px\" \/><\/p>\n<p><img class=\"size-medium wp-image-5742 aligncenter\" src=\"http:\/\/mercagranada.es\/espaciosdisponibles\/wp-content\/uploads\/circuito-visita-5-mercagranada.jpg\" alt=\"circuito-visita-5-mercagranada\" width=\"80%\" srcset=\"http:\/\/new.mercagranada.es\/espaciosdisponibles\/wp-content\/uploads\/circuito-visita-5-mercagranada.jpg 1145w, http:\/\/new.mercagranada.es\/espaciosdisponibles\/wp-content\/uploads\/circuito-visita-5-mercagranada-300x119.jpg 300w, http:\/\/new.mercagranada.es\/espaciosdisponibles\/wp-content\/uploads\/circuito-visita-5-mercagranada-1024x406.jpg 1024w\" sizes=\"(max-width: 1145px) 100vw, 1145px\" \/><\/p>\n<p><img class=\"size-medium wp-image-5743 aligncenter\" src=\"http:\/\/mercagranada.es\/espaciosdisponibles\/wp-content\/uploads\/circuito-visita-6-mercagranada.jpg\" alt=\"circuito-visita-6-mercagranada\" width=\"80%\" srcset=\"http:\/\/new.mercagranada.es\/espaciosdisponibles\/wp-content\/uploads\/circuito-visita-6-mercagranada.jpg 1129w, http:\/\/new.mercagranada.es\/espaciosdisponibles\/wp-content\/uploads\/circuito-visita-6-mercagranada-300x97.jpg 300w, http:\/\/new.mercagranada.es\/espaciosdisponibles\/wp-content\/uploads\/circuito-visita-6-mercagranada-1024x332.jpg 1024w\" sizes=\"(max-width: 1129px) 100vw, 1129px\" \/><\/p>\n<p><a href=\"http:\/\/mercagranada.es\/index.php\/conoce-los-alimentos\/solicitar-una-visita\/\"><br \/>\n<img loading=\"lazy\" class=\"size-full wp-image-2294 aligncenter\" src=\"http:\/\/mercagranada.es\/espaciosdisponibles\/wp-content\/uploads\/solicitar-visita.png\" alt=\"solicitar-visita\" width=\"180\" height=\"43\" \/><br \/>\n<\/a><\/p>\n","protected":false},"excerpt":{"rendered":"<p>Circuito El circuito de la visita ense\u00f1ar\u00e1\u00a0al alumno el funcionamiento de un centro como MercaGranada, descrubrir\u00e1n los pasos que siguen los alimentos que consumen en sus casas. El objetivo de este circuito ser\u00e1 que el alumno pueda conocer, de primera mano, la importancia de la labor que se lleva a cabo en Mercagranada para conseguir [&hellip;]<\/p>\n","protected":false},"author":1,"featured_media":0,"parent":2522,"menu_order":0,"comment_status":"open","ping_status":"open","template":"page_sidebar-inicio.php","meta":[],"_links":{"self":[{"href":"http:\/\/new.mercagranada.es\/espaciosdisponibles\/wp-json\/wp\/v2\/pages\/2443"}],"collection":[{"href":"http:\/\/new.mercagranada.es\/espaciosdisponibles\/wp-json\/wp\/v2\/pages"}],"about":[{"href":"http:\/\/new.mercagranada.es\/espaciosdisponibles\/wp-json\/wp\/v2\/types\/page"}],"author":[{"embeddable":true,"href":"http:\/\/new.mercagranada.es\/espaciosdisponibles\/wp-json\/wp\/v2\/users\/1"}],"replies":[{"embeddable":true,"href":"http:\/\/new.mercagranada.es\/espaciosdisponibles\/wp-json\/wp\/v2\/comments?post=2443"}],"version-history":[{"count":28,"href":"http:\/\/new.mercagranada.es\/espaciosdisponibles\/wp-json\/wp\/v2\/pages\/2443\/revisions"}],"predecessor-version":[{"id":7852,"href":"http:\/\/new.mercagranada.es\/espaciosdisponibles\/wp-json\/wp\/v2\/pages\/2443\/revisions\/7852"}],"up":[{"embeddable":true,"href":"http:\/\/new.mercagranada.es\/espaciosdisponibles\/wp-json\/wp\/v2\/pages\/2522"}],"wp:attachment":[{"href":"http:\/\/new.mercagranada.es\/espaciosdisponibles\/wp-json\/wp\/v2\/media?parent=2443"}],"curies":[{"name":"wp","href":"https:\/\/api.w.org\/{rel}","templated":true}]}}