{"id":2461,"date":"2013-10-29T19:01:36","date_gmt":"2013-10-29T17:01:36","guid":{"rendered":"http:\/\/mercagranada.es\/?page_id=2461"},"modified":"2016-10-25T20:46:46","modified_gmt":"2016-10-25T18:46:46","slug":"charlas-educativas","status":"publish","type":"page","link":"http:\/\/new.mercagranada.es\/espaciosdisponibles\/excursiones-para-colegios\/conoce-nuestro-programa\/charlas-educativas\/","title":{"rendered":"Charlas Educativas"},"content":{"rendered":"<h2 id=\"charlas\" class=\"widgettitle header\">Charlas Educativas<\/h2>\n<p>Si su colegio est\u00e1 interesado en ofrecer charlas educativas sobre alimentaci\u00f3n a sus alumnos, en Mercagranada disponemos de profesionales que se encargar\u00e1n de ofrecer a sus alumnos la importancia de la relaci\u00f3n entre una alimentaci\u00f3n sana y el deporte.<\/p>\n<p>&nbsp;<\/p>\n<p>Si quiere conocer m\u00e1s detalles acerca de la charla o sobre c\u00f3mo solicitarla, no dude en ponerse en contacto con nosotros.<\/p>\n<p>&nbsp;<\/p>\n<p><img loading=\"lazy\" class=\"alignnone wp-image-2361\" src=\"http:\/\/mercagranada.es\/espaciosdisponibles\/wp-content\/uploads\/imagen-charla.jpg\" alt=\"Charlas educativas - MercaGranada SA\" width=\"610\" height=\"460\" srcset=\"http:\/\/new.mercagranada.es\/espaciosdisponibles\/wp-content\/uploads\/imagen-charla.jpg 705w, http:\/\/new.mercagranada.es\/espaciosdisponibles\/wp-content\/uploads\/imagen-charla-300x226.jpg 300w, http:\/\/new.mercagranada.es\/espaciosdisponibles\/wp-content\/uploads\/imagen-charla-106x80.jpg 106w\" sizes=\"(max-width: 610px) 100vw, 610px\" \/><\/p>\n<p>&nbsp;<\/p>\n<p>&nbsp;<\/p>\n<p><a href=\"http:\/\/mercagranada.es\/index.php\/conoce-los-alimentos\/solicita-tu-charla\/\"><img loading=\"lazy\" class=\"alignnone wp-image-2360 size-full\" src=\"http:\/\/mercagranada.es\/espaciosdisponibles\/wp-content\/uploads\/solicitar-charla.png\" alt=\"Solicitar Charlas educativas - MercaGranada SA\" width=\"180\" height=\"43\" \/><\/a><\/p>\n","protected":false},"excerpt":{"rendered":"<p>Charlas Educativas Si su colegio est\u00e1 interesado en ofrecer charlas educativas sobre alimentaci\u00f3n a sus alumnos, en Mercagranada disponemos de profesionales que se encargar\u00e1n de ofrecer a sus alumnos la importancia de la relaci\u00f3n entre una alimentaci\u00f3n sana y el deporte. &nbsp; Si quiere conocer m\u00e1s detalles acerca de la charla o sobre c\u00f3mo solicitarla, [&hellip;]<\/p>\n","protected":false},"author":1,"featured_media":0,"parent":2522,"menu_order":0,"comment_status":"open","ping_status":"open","template":"page_sidebar-inicio.php","meta":[],"_links":{"self":[{"href":"http:\/\/new.mercagranada.es\/espaciosdisponibles\/wp-json\/wp\/v2\/pages\/2461"}],"collection":[{"href":"http:\/\/new.mercagranada.es\/espaciosdisponibles\/wp-json\/wp\/v2\/pages"}],"about":[{"href":"http:\/\/new.mercagranada.es\/espaciosdisponibles\/wp-json\/wp\/v2\/types\/page"}],"author":[{"embeddable":true,"href":"http:\/\/new.mercagranada.es\/espaciosdisponibles\/wp-json\/wp\/v2\/users\/1"}],"replies":[{"embeddable":true,"href":"http:\/\/new.mercagranada.es\/espaciosdisponibles\/wp-json\/wp\/v2\/comments?post=2461"}],"version-history":[{"count":12,"href":"http:\/\/new.mercagranada.es\/espaciosdisponibles\/wp-json\/wp\/v2\/pages\/2461\/revisions"}],"predecessor-version":[{"id":7851,"href":"http:\/\/new.mercagranada.es\/espaciosdisponibles\/wp-json\/wp\/v2\/pages\/2461\/revisions\/7851"}],"up":[{"embeddable":true,"href":"http:\/\/new.mercagranada.es\/espaciosdisponibles\/wp-json\/wp\/v2\/pages\/2522"}],"wp:attachment":[{"href":"http:\/\/new.mercagranada.es\/espaciosdisponibles\/wp-json\/wp\/v2\/media?parent=2461"}],"curies":[{"name":"wp","href":"https:\/\/api.w.org\/{rel}","templated":true}]}}