{"id":2464,"date":"2013-10-29T19:03:47","date_gmt":"2013-10-29T17:03:47","guid":{"rendered":"http:\/\/mercagranada.es\/?page_id=2464"},"modified":"2018-08-27T09:55:37","modified_gmt":"2018-08-27T07:55:37","slug":"materiales-para-colegios","status":"publish","type":"page","link":"http:\/\/new.mercagranada.es\/espaciosdisponibles\/excursiones-para-colegios\/conoce-nuestro-programa\/materiales-para-colegios\/","title":{"rendered":"Material para Colegios y Escolares"},"content":{"rendered":"<h2 id=\"materiales\" class=\"widgettitle header\">Materiales para colegios<\/h2>\n<p>Tras el trabajo optativo en el aula con el material que facilita MERCAGRANADA, los alumnos de los centros que lo estimen oportuno, visitaran MERCAGRANADA en un recorrido programado en dos fases. En la primera conocer\u00e1n qu\u00e9 es un mercado, qu\u00e9 productos se venden en \u00e9l, c\u00f3mo trabajan, y de d\u00f3nde vienen esos productos . La segunda parte de la visita, hace hincapi\u00e9 en la educaci\u00f3n nutricional de los m\u00e1s peque\u00f1os. Acompa\u00f1ados en todo momento por un monitor descubrir\u00e1n de una manera din\u00e1mica y participada los dos talleres que se proponen:<\/p>\n<ul>\n<li>Taller de los Sentidos: FRUTAS Y HORTALIZAS<\/li>\n<li>Taller de los Sentidos: PESCADO<\/li>\n<\/ul>\n<style type=\"text\/css\">\n\t\t\t#gallery-1 {\n\t\t\t\tmargin: auto;\n\t\t\t}\n\t\t\t#gallery-1 .gallery-item {\n\t\t\t\tfloat: left;\n\t\t\t\tmargin-top: 10px;\n\t\t\t\ttext-align: center;\n\t\t\t\twidth: 25%;\n\t\t\t}\n\t\t\t#gallery-1 img {\n\t\t\t\tborder: 2px solid #cfcfcf;\n\t\t\t}\n\t\t\t#gallery-1 .gallery-caption {\n\t\t\t\tmargin-left: 0;\n\t\t\t}\n\t\t\t\/* see gallery_shortcode() in wp-includes\/media.php *\/\n\t\t<\/style>\n<div id='gallery-1' class='gallery galleryid-2464 gallery-columns-4 gallery-size-medium'>\n<dl class='gallery-item'>\n<dt class='gallery-icon portrait'>\n\t\t\t\t<a href='http:\/\/new.mercagranada.es\/espaciosdisponibles\/wp-content\/uploads\/mercagranada_aula_sentidos_carteles-06-1.jpg' title=\"\" data-rl_title=\"\" class=\"rl-gallery-link\" data-rl_caption=\"\" data-rel=\"lightbox-gallery-1\"><img width=\"211\" height=\"300\" src=\"http:\/\/new.mercagranada.es\/espaciosdisponibles\/wp-content\/uploads\/mercagranada_aula_sentidos_carteles-06-1-211x300.jpg\" class=\"attachment-medium size-medium\" alt=\"\" loading=\"lazy\" srcset=\"http:\/\/new.mercagranada.es\/espaciosdisponibles\/wp-content\/uploads\/mercagranada_aula_sentidos_carteles-06-1-211x300.jpg 211w, http:\/\/new.mercagranada.es\/espaciosdisponibles\/wp-content\/uploads\/mercagranada_aula_sentidos_carteles-06-1-768x1093.jpg 768w, http:\/\/new.mercagranada.es\/espaciosdisponibles\/wp-content\/uploads\/mercagranada_aula_sentidos_carteles-06-1-720x1024.jpg 720w, http:\/\/new.mercagranada.es\/espaciosdisponibles\/wp-content\/uploads\/mercagranada_aula_sentidos_carteles-06-1.jpg 2013w\" sizes=\"(max-width: 211px) 100vw, 211px\" \/><\/a>\n\t\t\t<\/dt>\n<\/dl>\n<dl class='gallery-item'>\n<dt class='gallery-icon portrait'>\n\t\t\t\t<a href='http:\/\/new.mercagranada.es\/espaciosdisponibles\/wp-content\/uploads\/mercagranada_aula_sentidos_carteles-05.jpg' title=\"\" data-rl_title=\"\" class=\"rl-gallery-link\" data-rl_caption=\"\" data-rel=\"lightbox-gallery-1\"><img width=\"211\" height=\"300\" src=\"http:\/\/new.mercagranada.es\/espaciosdisponibles\/wp-content\/uploads\/mercagranada_aula_sentidos_carteles-05-211x300.jpg\" class=\"attachment-medium size-medium\" alt=\"\" loading=\"lazy\" srcset=\"http:\/\/new.mercagranada.es\/espaciosdisponibles\/wp-content\/uploads\/mercagranada_aula_sentidos_carteles-05-211x300.jpg 211w, http:\/\/new.mercagranada.es\/espaciosdisponibles\/wp-content\/uploads\/mercagranada_aula_sentidos_carteles-05-768x1092.jpg 768w, http:\/\/new.mercagranada.es\/espaciosdisponibles\/wp-content\/uploads\/mercagranada_aula_sentidos_carteles-05-720x1024.jpg 720w, http:\/\/new.mercagranada.es\/espaciosdisponibles\/wp-content\/uploads\/mercagranada_aula_sentidos_carteles-05.jpg 2014w\" sizes=\"(max-width: 211px) 100vw, 211px\" \/><\/a>\n\t\t\t<\/dt>\n<\/dl>\n<dl class='gallery-item'>\n<dt class='gallery-icon portrait'>\n\t\t\t\t<a href='http:\/\/new.mercagranada.es\/espaciosdisponibles\/wp-content\/uploads\/mercagranada_aula_sentidos_carteles-04.jpg' title=\"\" data-rl_title=\"\" class=\"rl-gallery-link\" data-rl_caption=\"\" data-rel=\"lightbox-gallery-1\"><img width=\"211\" height=\"300\" src=\"http:\/\/new.mercagranada.es\/espaciosdisponibles\/wp-content\/uploads\/mercagranada_aula_sentidos_carteles-04-211x300.jpg\" class=\"attachment-medium size-medium\" alt=\"\" loading=\"lazy\" srcset=\"http:\/\/new.mercagranada.es\/espaciosdisponibles\/wp-content\/uploads\/mercagranada_aula_sentidos_carteles-04-211x300.jpg 211w, http:\/\/new.mercagranada.es\/espaciosdisponibles\/wp-content\/uploads\/mercagranada_aula_sentidos_carteles-04-768x1092.jpg 768w, http:\/\/new.mercagranada.es\/espaciosdisponibles\/wp-content\/uploads\/mercagranada_aula_sentidos_carteles-04-720x1024.jpg 720w, http:\/\/new.mercagranada.es\/espaciosdisponibles\/wp-content\/uploads\/mercagranada_aula_sentidos_carteles-04.jpg 2014w\" sizes=\"(max-width: 211px) 100vw, 211px\" \/><\/a>\n\t\t\t<\/dt>\n<\/dl>\n<dl class='gallery-item'>\n<dt class='gallery-icon portrait'>\n\t\t\t\t<a href='http:\/\/new.mercagranada.es\/espaciosdisponibles\/wp-content\/uploads\/mercagranada_aula_sentidos_carteles-03.jpg' title=\"\" data-rl_title=\"\" class=\"rl-gallery-link\" data-rl_caption=\"\" data-rel=\"lightbox-gallery-1\"><img width=\"211\" height=\"300\" src=\"http:\/\/new.mercagranada.es\/espaciosdisponibles\/wp-content\/uploads\/mercagranada_aula_sentidos_carteles-03-211x300.jpg\" class=\"attachment-medium size-medium\" alt=\"\" loading=\"lazy\" srcset=\"http:\/\/new.mercagranada.es\/espaciosdisponibles\/wp-content\/uploads\/mercagranada_aula_sentidos_carteles-03-211x300.jpg 211w, http:\/\/new.mercagranada.es\/espaciosdisponibles\/wp-content\/uploads\/mercagranada_aula_sentidos_carteles-03-768x1092.jpg 768w, http:\/\/new.mercagranada.es\/espaciosdisponibles\/wp-content\/uploads\/mercagranada_aula_sentidos_carteles-03-720x1024.jpg 720w, http:\/\/new.mercagranada.es\/espaciosdisponibles\/wp-content\/uploads\/mercagranada_aula_sentidos_carteles-03.jpg 2014w\" sizes=\"(max-width: 211px) 100vw, 211px\" \/><\/a>\n\t\t\t<\/dt>\n<\/dl>\n<p><br style=\"clear: both\" \/><\/p>\n<dl class='gallery-item'>\n<dt class='gallery-icon portrait'>\n\t\t\t\t<a href='http:\/\/new.mercagranada.es\/espaciosdisponibles\/wp-content\/uploads\/mercagranada_aula_sentidos_carteles-02.jpg' title=\"\" data-rl_title=\"\" class=\"rl-gallery-link\" data-rl_caption=\"\" data-rel=\"lightbox-gallery-1\"><img width=\"211\" height=\"300\" src=\"http:\/\/new.mercagranada.es\/espaciosdisponibles\/wp-content\/uploads\/mercagranada_aula_sentidos_carteles-02-211x300.jpg\" class=\"attachment-medium size-medium\" alt=\"\" loading=\"lazy\" srcset=\"http:\/\/new.mercagranada.es\/espaciosdisponibles\/wp-content\/uploads\/mercagranada_aula_sentidos_carteles-02-211x300.jpg 211w, http:\/\/new.mercagranada.es\/espaciosdisponibles\/wp-content\/uploads\/mercagranada_aula_sentidos_carteles-02-768x1092.jpg 768w, http:\/\/new.mercagranada.es\/espaciosdisponibles\/wp-content\/uploads\/mercagranada_aula_sentidos_carteles-02-720x1024.jpg 720w, http:\/\/new.mercagranada.es\/espaciosdisponibles\/wp-content\/uploads\/mercagranada_aula_sentidos_carteles-02.jpg 2014w\" sizes=\"(max-width: 211px) 100vw, 211px\" \/><\/a>\n\t\t\t<\/dt>\n<\/dl>\n<dl class='gallery-item'>\n<dt class='gallery-icon portrait'>\n\t\t\t\t<a href='http:\/\/new.mercagranada.es\/espaciosdisponibles\/wp-content\/uploads\/mercagranada_aula_sentidos_carteles-06.jpg' title=\"\" data-rl_title=\"\" class=\"rl-gallery-link\" data-rl_caption=\"\" data-rel=\"lightbox-gallery-1\"><img width=\"211\" height=\"300\" src=\"http:\/\/new.mercagranada.es\/espaciosdisponibles\/wp-content\/uploads\/mercagranada_aula_sentidos_carteles-06-211x300.jpg\" class=\"attachment-medium size-medium\" alt=\"Programa Conoce los alimentos\" loading=\"lazy\" srcset=\"http:\/\/new.mercagranada.es\/espaciosdisponibles\/wp-content\/uploads\/mercagranada_aula_sentidos_carteles-06-211x300.jpg 211w, http:\/\/new.mercagranada.es\/espaciosdisponibles\/wp-content\/uploads\/mercagranada_aula_sentidos_carteles-06-768x1093.jpg 768w, http:\/\/new.mercagranada.es\/espaciosdisponibles\/wp-content\/uploads\/mercagranada_aula_sentidos_carteles-06-720x1024.jpg 720w, http:\/\/new.mercagranada.es\/espaciosdisponibles\/wp-content\/uploads\/mercagranada_aula_sentidos_carteles-06.jpg 2013w\" sizes=\"(max-width: 211px) 100vw, 211px\" \/><\/a>\n\t\t\t<\/dt>\n<\/dl>\n<dl class='gallery-item'>\n<dt class='gallery-icon portrait'>\n\t\t\t\t<a href='http:\/\/new.mercagranada.es\/espaciosdisponibles\/wp-content\/uploads\/deporte-1.png' title=\"\" data-rl_title=\"\" class=\"rl-gallery-link\" data-rl_caption=\"\" data-rel=\"lightbox-gallery-1\"><img width=\"209\" height=\"300\" src=\"http:\/\/new.mercagranada.es\/espaciosdisponibles\/wp-content\/uploads\/deporte-1-209x300.png\" class=\"attachment-medium size-medium\" alt=\"\" loading=\"lazy\" srcset=\"http:\/\/new.mercagranada.es\/espaciosdisponibles\/wp-content\/uploads\/deporte-1-209x300.png 209w, http:\/\/new.mercagranada.es\/espaciosdisponibles\/wp-content\/uploads\/deporte-1.png 654w\" sizes=\"(max-width: 209px) 100vw, 209px\" \/><\/a>\n\t\t\t<\/dt>\n<\/dl>\n<dl class='gallery-item'>\n<dt class='gallery-icon portrait'>\n\t\t\t\t<a href='http:\/\/new.mercagranada.es\/espaciosdisponibles\/wp-content\/uploads\/aguaa-1.png' title=\"\" data-rl_title=\"\" class=\"rl-gallery-link\" data-rl_caption=\"\" data-rel=\"lightbox-gallery-1\"><img width=\"209\" height=\"300\" src=\"http:\/\/new.mercagranada.es\/espaciosdisponibles\/wp-content\/uploads\/aguaa-1-209x300.png\" class=\"attachment-medium size-medium\" alt=\"\" loading=\"lazy\" srcset=\"http:\/\/new.mercagranada.es\/espaciosdisponibles\/wp-content\/uploads\/aguaa-1-209x300.png 209w, http:\/\/new.mercagranada.es\/espaciosdisponibles\/wp-content\/uploads\/aguaa-1.png 655w\" sizes=\"(max-width: 209px) 100vw, 209px\" \/><\/a>\n\t\t\t<\/dt>\n<\/dl>\n<p><br style=\"clear: both\" \/>\n\t\t<\/div>\n<div class=\"conocealimentosmateriales\">\n<h3>MATERIAL DE TRABAJO Y PRESENTACI\u00d3N DEL PROGRAMA<\/h3>\n<ul>\n<li><span style=\"text-decoration: underline;\"><a href=\"http:\/\/mercagranada.es\/espaciosdisponibles\/wp-content\/uploads\/2018\/08\/Manual-de-trabajo-Conoce-los-Alimentos.pdf\">Manual de trabajo Conoce los Alimentos<\/a><\/span><\/li>\n<li><span style=\"text-decoration: underline;\"><a href=\"http:\/\/mercagranada.es\/descargas\/ConoceAlimentos\/presentacion.pdf\" target=\"_blank\" rel=\"noopener\">Presentaci\u00f3n del programa educativo: Conoce Mercagranada y los Alimentos<\/a><\/span><\/li>\n<\/ul>\n<\/div>\n<div id=\"cuestionarios\" class=\"conocealimentosmateriales\">\n<h3>HOJA DE SOLICITUD Y CUESTIONARIOS SATISFACCI\u00d3N:<\/h3>\n<p>Para rellenar y enviar por mail, tambi\u00e9n se pueden descargar y enviarlo v\u00eda fax al: <strong>958 27 62 08<\/strong>.<\/p>\n<ul>\n<li style=\"list-style-type: none;\">\n<ul>\n<li><a href=\"http:\/\/mercagranada.es\/espaciosdisponibles\/wp-content\/uploads\/HOJA-CONFIRMACION-VISITA.pdf\" target=\"_BLANK\">Hoja Confirmaci\u00f3n Visita<\/a><\/li>\n<li><a href=\"http:\/\/mercagranada.es\/espaciosdisponibles\/wp-content\/uploads\/5-Cuestionario-profesores.pdf\" target=\"_BLANK\">Cuestionario profesores<\/a><\/li>\n<li><span style=\"text-decoration: underline;\"><a href=\"http:\/\/mercagranada.es\/descargas\/ConoceAlimentos\/cupadres.pdf\" target=\"_blank\" rel=\"noopener\">Cuestionario para los Padres <\/a><\/span><\/li>\n<\/ul>\n<\/li>\n<\/ul>\n<p><!--\n \t\n\n<li><span style=\"text-decoration: underline;\"><a href=\"http:\/\/mercagranada.es\/descargas\/ConoceAlimentos\/confirmacion-visita-mercagranada.doc\" target=\"_blank\">Confirma la Visita a Mercagranada<\/a><\/span><\/li>\n\n\n--><\/p>\n<\/div>\n<div id=\"contacto\" class=\"conocealimentosmateriales\">\n<h3>INFORMACI\u00d3N PARA RESERVAR SU VISITA A NUESTRO PROGRAMA EDUCATIVO<\/h3>\n<p>Para solicitar una vista podeis escribirnos a \u00a0<span style=\"text-decoration: underline; color: #888888;\"><a href=\"mailto:escolares@mercagranada.es\"><span style=\"color: #888888;\"><strong class=\"emailcontacto\">escolares@mercagranada.es<\/strong><\/span><\/a><\/span><br \/>\n<img loading=\"lazy\" class=\"alignleft wp-image-7164\" src=\"http:\/\/mercagranada.es\/espaciosdisponibles\/wp-content\/uploads\/fruta-manzana.png\" alt=\"Material para colegios - MercaGranada SA\" width=\"277\" height=\"427\" \/>Tambi\u00e9n tramitar su solicitud mediante la Concejal\u00eda de Educaci\u00f3n, Salud y Consumo del Excelent\u00edsimo Ayuntamiento de Granada:<\/p>\n<p>Concejal\u00eda de Educaci\u00f3n, Salud y Consumo<br \/>\nHermanitas de los Pobres, calle Gran Capit\u00e1n n\u00ba 22 \/ 18002 GRANADA Tel\u00e9fono 958 246 938 | Fax 958 246 937<\/p>\n<p><span style=\"text-decoration: underline;\"><a href=\"mailto:educacion@granada.org\">E-Mail: educacion@granada.org<\/a><\/span><\/p>\n<\/div>\n","protected":false},"excerpt":{"rendered":"<p>Materiales para colegios Tras el trabajo optativo en el aula con el material que facilita MERCAGRANADA, los alumnos de los centros que lo estimen oportuno, visitaran MERCAGRANADA en un recorrido programado en dos fases. En la primera conocer\u00e1n qu\u00e9 es un mercado, qu\u00e9 productos se venden en \u00e9l, c\u00f3mo trabajan, y de d\u00f3nde vienen esos [&hellip;]<\/p>\n","protected":false},"author":1,"featured_media":0,"parent":2522,"menu_order":0,"comment_status":"open","ping_status":"open","template":"page_sidebar-inicio.php","meta":[],"_links":{"self":[{"href":"http:\/\/new.mercagranada.es\/espaciosdisponibles\/wp-json\/wp\/v2\/pages\/2464"}],"collection":[{"href":"http:\/\/new.mercagranada.es\/espaciosdisponibles\/wp-json\/wp\/v2\/pages"}],"about":[{"href":"http:\/\/new.mercagranada.es\/espaciosdisponibles\/wp-json\/wp\/v2\/types\/page"}],"author":[{"embeddable":true,"href":"http:\/\/new.mercagranada.es\/espaciosdisponibles\/wp-json\/wp\/v2\/users\/1"}],"replies":[{"embeddable":true,"href":"http:\/\/new.mercagranada.es\/espaciosdisponibles\/wp-json\/wp\/v2\/comments?post=2464"}],"version-history":[{"count":46,"href":"http:\/\/new.mercagranada.es\/espaciosdisponibles\/wp-json\/wp\/v2\/pages\/2464\/revisions"}],"predecessor-version":[{"id":12299,"href":"http:\/\/new.mercagranada.es\/espaciosdisponibles\/wp-json\/wp\/v2\/pages\/2464\/revisions\/12299"}],"up":[{"embeddable":true,"href":"http:\/\/new.mercagranada.es\/espaciosdisponibles\/wp-json\/wp\/v2\/pages\/2522"}],"wp:attachment":[{"href":"http:\/\/new.mercagranada.es\/espaciosdisponibles\/wp-json\/wp\/v2\/media?parent=2464"}],"curies":[{"name":"wp","href":"https:\/\/api.w.org\/{rel}","templated":true}]}}