{"id":2522,"date":"2013-11-04T10:45:30","date_gmt":"2013-11-04T08:45:30","guid":{"rendered":"http:\/\/mercagranada.es\/?page_id=2522"},"modified":"2016-10-25T20:46:00","modified_gmt":"2016-10-25T18:46:00","slug":"conoce-nuestro-programa","status":"publish","type":"page","link":"http:\/\/new.mercagranada.es\/espaciosdisponibles\/excursiones-para-colegios\/conoce-nuestro-programa\/","title":{"rendered":"CONOCE NUESTRO PROGRAMA"},"content":{"rendered":"<p style=\"text-align: left;\"><strong>Conoce nuestro Programa y las charlas educativas sobre alimentaci\u00f3n sana.<\/strong><\/p>\n<p style=\"text-align: center;\"><a href=\"http:\/\/mercagranada.es\/espaciosdisponibles\/wp-content\/uploads\/mercagranada-conoce-los-alimentos-banner-091.jpg\" data-rel=\"lightbox-image-0\" data-rl_title=\"\" data-rl_caption=\"\" title=\"\"><img loading=\"lazy\" class=\"aligncenter wp-image-4654\" src=\"http:\/\/mercagranada.es\/espaciosdisponibles\/wp-content\/uploads\/mercagranada-conoce-los-alimentos-banner-091.jpg\" alt=\"Conoce nuestro Programa - MercaGranada SA\" width=\"576\" height=\"345\" srcset=\"http:\/\/new.mercagranada.es\/espaciosdisponibles\/wp-content\/uploads\/mercagranada-conoce-los-alimentos-banner-091.jpg 640w, http:\/\/new.mercagranada.es\/espaciosdisponibles\/wp-content\/uploads\/mercagranada-conoce-los-alimentos-banner-091-300x179.jpg 300w\" sizes=\"(max-width: 576px) 100vw, 576px\" \/><\/a><\/p>\n<h2><span style=\"font-size: 13px;\">Desde \u00a0 Mercagranada \u00a0 S.A. \u00a0 hemos \u00a0 puesto \u00a0 en \u00a0 marcha \u00a0 el \u00a0 programa \u00a0Conocemos<\/span><\/h2>\n<p>Mercagranada\u00a0y\u00a0los\u00a0Alimentos,\u00a0dirigido\u00a0a\u00a0escolares\u00a0de\u00a0entre\u00a09\u00a0y\u00a011\u00a0a\u00f1os. En esta ocasi\u00f3n, queremos ofrecerles las mejoras que hemos realizado en nuestro Programa Educativo 2013\/2014 \u00a0fruto del esfuerzo de a\u00f1os trabajando en la responsabilidad social que tenemos con los m\u00e1s peque\u00f1os.<\/p>\n<p>Un programa d\u00f3nde los alumnos podr\u00e1n visitar nuestro centro log\u00edstico y conocer, de la mano de profesionales, un gran n\u00famero de conceptos relacionados el sector de la alimentaci\u00f3n y la importancia de la relaci\u00f3n entre una alimentaci\u00f3n sana y el deporte. Nuestro objetivo: ense\u00f1ar a los m\u00e1s peque\u00f1os a comer todo tipo de alimentos de una forma divertida y sana bas\u00e1ndonos en ofrecer una educaci\u00f3n did\u00e1ctica y din\u00e1mica.<\/p>\n<div class=\"programa\">\n<h3>Circuito<\/h3>\n<p><img loading=\"lazy\" class=\"alignnone wp-image-2651 size-full\" src=\"http:\/\/mercagranada.es\/espaciosdisponibles\/wp-content\/uploads\/banner-circuito1.jpg\" alt=\"Conoce nuestro Programa - MercaGranada SA\" width=\"290\" height=\"260\" \/><\/p>\n<\/div>\n<div class=\"programa\">\n<h3>Charlas Educativas<\/h3>\n<p><img loading=\"lazy\" class=\"alignnone wp-image-2650 size-full\" src=\"http:\/\/mercagranada.es\/espaciosdisponibles\/wp-content\/uploads\/banner-charlas.jpg\" alt=\"Conoce nuestro Programa - MercaGranada SA\" width=\"290\" height=\"260\" \/><\/p>\n<\/div>\n<div class=\"programa\">\n<h3>Materiales de Colegios<\/h3>\n<p><img loading=\"lazy\" class=\"alignnone wp-image-2653 size-full\" src=\"http:\/\/mercagranada.es\/espaciosdisponibles\/wp-content\/uploads\/banner-materiales.jpg\" alt=\"Conoce nuestro Programa - MercaGranada SA\" width=\"290\" height=\"260\" \/><\/p>\n<\/div>\n<div class=\"programa\">\n<h3>Galer\u00eda<\/h3>\n<p><img loading=\"lazy\" class=\"alignnone wp-image-2652 size-full\" src=\"http:\/\/mercagranada.es\/espaciosdisponibles\/wp-content\/uploads\/banner-galeria.jpg\" alt=\"Conoce nuestro Programa - MercaGranada SA\" width=\"290\" height=\"260\" \/><\/p>\n<\/div>\n","protected":false},"excerpt":{"rendered":"<p>Conoce nuestro Programa y las charlas educativas sobre alimentaci\u00f3n sana. Desde \u00a0 Mercagranada \u00a0 S.A. \u00a0 hemos \u00a0 puesto \u00a0 en \u00a0 marcha \u00a0 el \u00a0 programa \u00a0Conocemos Mercagranada\u00a0y\u00a0los\u00a0Alimentos,\u00a0dirigido\u00a0a\u00a0escolares\u00a0de\u00a0entre\u00a09\u00a0y\u00a011\u00a0a\u00f1os. En esta ocasi\u00f3n, queremos ofrecerles las mejoras que hemos realizado en nuestro Programa Educativo 2013\/2014 \u00a0fruto del esfuerzo de a\u00f1os trabajando en la responsabilidad social que [&hellip;]<\/p>\n","protected":false},"author":1,"featured_media":0,"parent":2276,"menu_order":0,"comment_status":"open","ping_status":"open","template":"page_sidebar.php","meta":[],"_links":{"self":[{"href":"http:\/\/new.mercagranada.es\/espaciosdisponibles\/wp-json\/wp\/v2\/pages\/2522"}],"collection":[{"href":"http:\/\/new.mercagranada.es\/espaciosdisponibles\/wp-json\/wp\/v2\/pages"}],"about":[{"href":"http:\/\/new.mercagranada.es\/espaciosdisponibles\/wp-json\/wp\/v2\/types\/page"}],"author":[{"embeddable":true,"href":"http:\/\/new.mercagranada.es\/espaciosdisponibles\/wp-json\/wp\/v2\/users\/1"}],"replies":[{"embeddable":true,"href":"http:\/\/new.mercagranada.es\/espaciosdisponibles\/wp-json\/wp\/v2\/comments?post=2522"}],"version-history":[{"count":24,"href":"http:\/\/new.mercagranada.es\/espaciosdisponibles\/wp-json\/wp\/v2\/pages\/2522\/revisions"}],"predecessor-version":[{"id":7850,"href":"http:\/\/new.mercagranada.es\/espaciosdisponibles\/wp-json\/wp\/v2\/pages\/2522\/revisions\/7850"}],"up":[{"embeddable":true,"href":"http:\/\/new.mercagranada.es\/espaciosdisponibles\/wp-json\/wp\/v2\/pages\/2276"}],"wp:attachment":[{"href":"http:\/\/new.mercagranada.es\/espaciosdisponibles\/wp-json\/wp\/v2\/media?parent=2522"}],"curies":[{"name":"wp","href":"https:\/\/api.w.org\/{rel}","templated":true}]}}