{"id":5247,"date":"2015-08-12T10:03:24","date_gmt":"2015-08-12T08:03:24","guid":{"rendered":"http:\/\/mercagranada.es\/?page_id=5247"},"modified":"2021-11-17T16:01:35","modified_gmt":"2021-11-17T14:01:35","slug":"coordinacion-empresarial","status":"publish","type":"page","link":"http:\/\/new.mercagranada.es\/espaciosdisponibles\/coordinacion-empresarial\/","title":{"rendered":"COORDINACION EMPRESARIAL EN ACTIVIDADES PREVENTIVAS"},"content":{"rendered":"<p><img loading=\"lazy\" class=\"alignnone wp-image-7859 size-full\" src=\"http:\/\/mercagranada.es\/espaciosdisponibles\/wp-content\/uploads\/RiegosLaborales.png\" alt=\"Coordinaci\u00f3n Empresarial y Riesgos Laborales - MercaGranada SA\" width=\"800\" height=\"250\" srcset=\"http:\/\/new.mercagranada.es\/espaciosdisponibles\/wp-content\/uploads\/RiegosLaborales.png 800w, http:\/\/new.mercagranada.es\/espaciosdisponibles\/wp-content\/uploads\/RiegosLaborales-300x94.png 300w, http:\/\/new.mercagranada.es\/espaciosdisponibles\/wp-content\/uploads\/RiegosLaborales-768x240.png 768w\" sizes=\"(max-width: 800px) 100vw, 800px\" \/><\/p>\n<p>Mercagranada S.A. en cumplimiento a lo establecido en el Real Decreto 171\/2004 , de 30 de Enero , por el que se desarrolla el art\u00edculo 24 de la ley 31\/1995 , de 8 de Noviembre , de Prevenci\u00f3n de Riesgos Laborales, en materia de Coordinaci\u00f3n de Actividades Preventivas empresariales, en concreto respecto a los art\u00edculos 7, informaci\u00f3n del empresario titular, y el art\u00edculo 9 medidas que deben adoptar los empresarios concurrentes, nos dirigimos a todos los operadores al objeto de proceder a una revisi\u00f3n y actualizaci\u00f3n de los datos solicitados y aportados por ustedes.<\/p>\n<p>Ley 31\/1995, de 8 de noviembre, de prevenci\u00f3n de Riesgos Laborales. (Encale con la Ley) <a href=\"https:\/\/www.boe.es\/buscar\/act.php?id=BOE-A-1995-24292\">https:\/\/www.boe.es\/buscar\/act.php?id=BOE-A-1995-24292<\/a><\/p>\n<p>Real Decreto 171\/2004, de 30 de enero, por el que se desarrolla el art\u00edculo 24 de la Ley 31\/1995, de 8 de noviembre, de Prevenci\u00f3n de Riesgos Laborales, en materia de coordinaci\u00f3n de actividades empresariales.(Enlace con la Ley) <a href=\"https:\/\/www.boe.es\/buscar\/pdf\/2004\/BOE-A-2004-1848-consolidado.pdf\">https:\/\/www.boe.es\/buscar\/pdf\/2004\/BOE-A-2004-1848-consolidado.pdf<\/a><\/p>\n<p><strong>COORDINACION DE MERCAGRANADA CON SUS OPERADORES S.A.,<\/strong> a trav\u00e9s del siguiente documento:<\/p>\n<p><span style=\"color: #0000ff;\"><strong><a style=\"color: #0000ff;\" href=\"http:\/\/mercagranada.es\/espaciosdisponibles\/wp-content\/uploads\/2021\/11\/Coordinacion_PRL.pdf\">Coordinaci\u00f3n PRL<\/a><\/strong><\/span><\/p>\n","protected":false},"excerpt":{"rendered":"<p>Mercagranada S.A. en cumplimiento a lo establecido en el Real Decreto 171\/2004 , de 30 de Enero , por el que se desarrolla el art\u00edculo 24 de la ley 31\/1995 , de 8 de Noviembre , de Prevenci\u00f3n de Riesgos Laborales, en materia de Coordinaci\u00f3n de Actividades Preventivas empresariales, en concreto respecto a los art\u00edculos [&hellip;]<\/p>\n","protected":false},"author":1,"featured_media":0,"parent":0,"menu_order":0,"comment_status":"open","ping_status":"open","template":"page_sidebar.php","meta":[],"_links":{"self":[{"href":"http:\/\/new.mercagranada.es\/espaciosdisponibles\/wp-json\/wp\/v2\/pages\/5247"}],"collection":[{"href":"http:\/\/new.mercagranada.es\/espaciosdisponibles\/wp-json\/wp\/v2\/pages"}],"about":[{"href":"http:\/\/new.mercagranada.es\/espaciosdisponibles\/wp-json\/wp\/v2\/types\/page"}],"author":[{"embeddable":true,"href":"http:\/\/new.mercagranada.es\/espaciosdisponibles\/wp-json\/wp\/v2\/users\/1"}],"replies":[{"embeddable":true,"href":"http:\/\/new.mercagranada.es\/espaciosdisponibles\/wp-json\/wp\/v2\/comments?post=5247"}],"version-history":[{"count":31,"href":"http:\/\/new.mercagranada.es\/espaciosdisponibles\/wp-json\/wp\/v2\/pages\/5247\/revisions"}],"predecessor-version":[{"id":51073,"href":"http:\/\/new.mercagranada.es\/espaciosdisponibles\/wp-json\/wp\/v2\/pages\/5247\/revisions\/51073"}],"wp:attachment":[{"href":"http:\/\/new.mercagranada.es\/espaciosdisponibles\/wp-json\/wp\/v2\/media?parent=5247"}],"curies":[{"name":"wp","href":"https:\/\/api.w.org\/{rel}","templated":true}]}}