{"id":8737,"date":"2017-05-24T10:47:32","date_gmt":"2017-05-24T08:47:32","guid":{"rendered":"http:\/\/mercagranada.es\/?page_id=8737"},"modified":"2021-03-15T18:48:16","modified_gmt":"2021-03-15T16:48:16","slug":"preguntas-frecuentes","status":"publish","type":"page","link":"http:\/\/new.mercagranada.es\/espaciosdisponibles\/preguntas-frecuentes\/","title":{"rendered":"Preguntas y Respuestas Frecuentes (FAQ)"},"content":{"rendered":"<p><img loading=\"lazy\" class=\"size-full wp-image-8738 aligncenter\" src=\"http:\/\/mercagranada.es\/espaciosdisponibles\/wp-content\/uploads\/2017\/05\/faq.jpg\" alt=\"MercaGranada - Preguntas Frecuentes\" width=\"800\" height=\"250\" srcset=\"http:\/\/new.mercagranada.es\/espaciosdisponibles\/wp-content\/uploads\/2017\/05\/faq.jpg 800w, http:\/\/new.mercagranada.es\/espaciosdisponibles\/wp-content\/uploads\/2017\/05\/faq-300x94.jpg 300w, http:\/\/new.mercagranada.es\/espaciosdisponibles\/wp-content\/uploads\/2017\/05\/faq-768x240.jpg 768w\" sizes=\"(max-width: 800px) 100vw, 800px\" \/><\/p>\n<h2>\u00bfAlguna duda? Inf\u00f3rmate con nuestras preguntas frecuentes y sus respuestas<\/h2>\n<h4 class=\"pregunta\">\u00bfQui\u00e9n puede comprar en MercaGranada?<\/h4>\n<p class=\"respuesta\">En Mercagranada, \u00fanicamente pueden comprar empresas y profesionales de la distribuci\u00f3n alimentaria, y profesionales del sector HORECO<\/p>\n<h4 class=\"pregunta\">\u00bfLos particulares pueden comprar en MercaGranada?<\/h4>\n<p class=\"respuesta\">No. La Unidad Alimentaria es un centro mayorista dirigido \u00fanicamente a empresas y profesionales.<\/p>\n<h4 class=\"pregunta\">\u00bfEl sector HORECO (HOSTELER\u00cdA, RESTAURACI\u00d3N) puede comprar en MercaGranada?<\/h4>\n<p class=\"respuesta\">S\u00ed. Las empresas del canal de la hosteler\u00eda y restauraci\u00f3n pueden comprar en Mercagranada restaurador.<\/p>\n<h4 class=\"pregunta\">\u00bfCu\u00e1l es el horario de los mercados?<\/h4>\n<p class=\"respuesta\">Podr\u00e1 consultarlo en el apartado <span style=\"color: #0000ff;\"><strong><a style=\"color: #0000ff;\" href=\"http:\/\/mercagranada.es\/calendario-y-horario-en-mercagranada\/\">CALENDARIO Y HORARIO<\/a><\/strong><\/span><\/p>\n<h4 class=\"pregunta\">\u00bfCu\u00e1nto cuesta acceder a MercaGranada?<\/h4>\n<p class=\"respuesta\" style=\"text-align: justify;\">Podr\u00e1 consultarlo en el apartado <span style=\"color: #0000ff;\"><strong><a style=\"color: #0000ff;\" href=\"http:\/\/mercagranada.es\/servicios-mercagranada\/acceso-y-estacionamiento\/\">ACCESO Y ESTACIONAMIENTO<\/a><\/strong><\/span><\/p>\n<p class=\"respuesta\" style=\"text-align: justify;\">Para cualquier consulta o duda le atenderemos a trav\u00e9s del tel\u00e9fono <strong>958 276 300<\/strong>, del Whatsapp <strong>625 198 092<\/strong> o del email <strong><a href=\"mailto:info@mercagranada.es\">info@mercagranada.es<\/a>, <\/strong>en el siguiente horario:<\/p>\n<table width=\"819\">\n<tbody>\n<tr>\n<td><\/td>\n<td>Lunes<\/td>\n<td>Martes<\/td>\n<td>Mi\u00e9rcoles<\/td>\n<td>Jueves<\/td>\n<td>Viernes<\/td>\n<td>S\u00e1bado<\/td>\n<\/tr>\n<tr>\n<td>De<\/td>\n<td>08:00 horas<\/td>\n<td>05:00 horas<\/td>\n<td>05:00 horas<\/td>\n<td>05:00 horas<\/td>\n<td>05:00 horas<\/td>\n<td>05:00 horas<\/td>\n<\/tr>\n<tr>\n<td>A<\/td>\n<td>15:00 horas<\/td>\n<td>15:00 horas<\/td>\n<td>15:00 horas<\/td>\n<td>15:00 horas<\/td>\n<td>15:00 horas<\/td>\n<td>11:00 horas<\/td>\n<\/tr>\n<\/tbody>\n<\/table>\n<h4 class=\"pregunta\">Quiero instalarme en MercaGranada \u00bfQu\u00e9 pasos debo seguir?<\/h4>\n<p class=\"respuesta\">Ponerse en contacto con el \u00e1rea comercial que se encargar\u00e1 de dise\u00f1ar la oferta que m\u00e1s se adapte a sus necesidades, y le guiar\u00e1 en todos los pasos que debe seguir.<br \/>\nCorreo: <a title=\"Enviar email\" href=\"mailto:asesorcomercial@mercagranada.es\">asesorcomercial@mercagranada.es<\/a><br \/>\nTel\u00e9fono: <a title=\"Hacer Llamada\" href=\"tlf:958376300\">958-27-63-00<\/a><\/p>\n","protected":false},"excerpt":{"rendered":"<p>\u00bfAlguna duda? Inf\u00f3rmate con nuestras preguntas frecuentes y sus respuestas \u00bfQui\u00e9n puede comprar en MercaGranada? En Mercagranada, \u00fanicamente pueden comprar empresas y profesionales de la distribuci\u00f3n alimentaria, y profesionales del sector HORECO \u00bfLos particulares pueden comprar en MercaGranada? No. La Unidad Alimentaria es un centro mayorista dirigido \u00fanicamente a empresas y profesionales. \u00bfEl sector HORECO [&hellip;]<\/p>\n","protected":false},"author":1,"featured_media":0,"parent":0,"menu_order":0,"comment_status":"closed","ping_status":"closed","template":"page_sidebar.php","meta":[],"_links":{"self":[{"href":"http:\/\/new.mercagranada.es\/espaciosdisponibles\/wp-json\/wp\/v2\/pages\/8737"}],"collection":[{"href":"http:\/\/new.mercagranada.es\/espaciosdisponibles\/wp-json\/wp\/v2\/pages"}],"about":[{"href":"http:\/\/new.mercagranada.es\/espaciosdisponibles\/wp-json\/wp\/v2\/types\/page"}],"author":[{"embeddable":true,"href":"http:\/\/new.mercagranada.es\/espaciosdisponibles\/wp-json\/wp\/v2\/users\/1"}],"replies":[{"embeddable":true,"href":"http:\/\/new.mercagranada.es\/espaciosdisponibles\/wp-json\/wp\/v2\/comments?post=8737"}],"version-history":[{"count":36,"href":"http:\/\/new.mercagranada.es\/espaciosdisponibles\/wp-json\/wp\/v2\/pages\/8737\/revisions"}],"predecessor-version":[{"id":50429,"href":"http:\/\/new.mercagranada.es\/espaciosdisponibles\/wp-json\/wp\/v2\/pages\/8737\/revisions\/50429"}],"wp:attachment":[{"href":"http:\/\/new.mercagranada.es\/espaciosdisponibles\/wp-json\/wp\/v2\/media?parent=8737"}],"curies":[{"name":"wp","href":"https:\/\/api.w.org\/{rel}","templated":true}]}}