{"id":924,"date":"2013-08-08T09:46:18","date_gmt":"2013-08-08T09:46:18","guid":{"rendered":"http:\/\/mercagranada.es\/espaciosdisponibles\/?page_id=924"},"modified":"2020-12-21T18:48:06","modified_gmt":"2020-12-21T16:48:06","slug":"encuesta-colegios","status":"publish","type":"page","link":"http:\/\/new.mercagranada.es\/espaciosdisponibles\/encuesta-colegios\/","title":{"rendered":"Encuesta Satisfacci\u00f3n de Colegios"},"content":{"rendered":"<p><strong>\u201c<\/strong><a href=\"http:\/\/mercagranada.es\/conoce-los-alimentos\/\" data-saferedirecturl=\"https:\/\/www.google.com\/url?hl=es&amp;q=http:\/\/mercagranada.es\/conoce-los-alimentos\/&amp;source=gmail&amp;ust=1496747527158000&amp;usg=AFQjCNGyRFWxHt1Qus8cXG8rMbmVmf2E8g\">Conoce Mercagranada y los alimentos<\/a>\u201d es un programa orientado a mejorar la calidad de la dieta de nuestros\/as menores y educar sus h\u00e1bitos en el consumo de alimentos. El programa de trabajo consta de tres fases:<\/p>\n<ol>\n<li>Una primera, optativa, para que los Centros puedan acceder a material did\u00e1ctico alojado en la p\u00e1gina web y as\u00ed trabajar en clase, de forma previa, con el alumnado. Los temas a tratar inciden b\u00e1sicamente en el conocimiento de los\/las escolares de productos frescos, clases, categor\u00edas, formas de reconocerlos y distinguirlos.<\/li>\n<li>Una segunda fase pr\u00e1ctica, donde se aborda la visita a la Unidad Alimentaria y se trabajan todos los cap\u00edtulos anteriores sobre el contacto directo del\/la ni\u00f1o\/a con los alimentos.<\/li>\n<li>Una tercera fase, donde se evaluar\u00e1 el aprovechamiento de las sesiones y donde el\/la alumno\/a podr\u00e1 expresar sus impresiones acerca del programa.<\/li>\n<\/ol>\n<p>Conocer\u00e1n qu\u00e9 es un mercado mayorista, qu\u00e9 productos se venden en \u00e9l, c\u00f3mo se trabaja, y de d\u00f3nde vienen los productos que ellos s\u00f3lo conoc\u00edan en el lineal del supermercado, haciendo hincapi\u00e9 en la educaci\u00f3n nutricional de los\/las menores. Adem\u00e1s aprender\u00e1n qu\u00e9 es una alergia alimentaria y qu\u00e9 tipos hay, c\u00f3mo es el proceso de separaci\u00f3n de residuos en una Unidad Alimentaria y las similitudes y diferencias con la separaci\u00f3n en el hogar entre otras muchas cosas.<\/p>\n<p><img loading=\"lazy\" class=\"aligncenter \" src=\"http:\/\/mercagranada.es\/espaciosdisponibles\/wp-content\/uploads\/mercagranada-conoce-los-alimentos-banner-091.jpg\" alt=\"Conoce los Alimentos - MercaGranada\" width=\"465\" height=\"278\" \/><\/p>\n<p>Se persigue un aprendizaje real, con el que los\/as ni\u00f1os\/as sepan distinguir las distintas frutas, clasificarlas por su dulzura, amargura, pelarlas, mondarlas en el caso de los pescados, conocer\u00e1n las diferencias entre pescado azul y el resto, su fisonom\u00eda, como evitar raspas\u2026 En definitiva, talleres donde pueden tocar, oler, gustar y sentir cada alimento. Como apoyo a todo el programa educativo contamos con perfiles activos en facebook desde donde tanto profesorado como familias podr\u00e1n estar informados de todas las novedades de este programa, adem\u00e1s de poder acceder a las fotograf\u00edas tomadas en la unidad alimentaria durante la visita (<a href=\"https:\/\/www.facebook.com\/MercagranadaSA\" data-saferedirecturl=\"https:\/\/www.google.com\/url?hl=es&amp;q=https:\/\/www.facebook.com\/MercagranadaSA&amp;source=gmail&amp;ust=1496747527158000&amp;usg=AFQjCNENHIxwEHuJeIaH-_IGAKuWD8dckQ\">https:\/\/www.facebook.com\/MercagranadaSA<\/a>) y Twitter (@MercagranadaSA)<\/p>\n<p>Una visita a Mercagranada tiene la siguiente estructura:<\/p>\n<ol>\n<li>Conocemos Mercagranada: presentaci\u00f3n de la instalaciones y conceptos de mayorista y minorista, trazabilidad de los productos y etiquetado.<\/li>\n<li>Conoce el trabajo de una ONG, el Banco de Alimentos.<\/li>\n<li>Pescados azules y pescados blancos, como diferenciar el pescado fresco, beneficios.<\/li>\n<li>Frutas y verduras por temporada, cualidades y beneficios.<\/li>\n<li>Las distintas gamas de los alimentos.<\/li>\n<li>La pir\u00e1mide nutricional.<\/li>\n<li>H\u00e1bitos de vida sana y saludable.<\/li>\n<li>Juegos relacionados con la alimentaci\u00f3n.<\/li>\n<\/ol>\n<p>En \u201cConoce Mercagranada y los Alimentos\u201d asisten centros de Granada capital y la provincia. En el 2016 fueron un total de 52 colegios y 3.964 escolares los que asistieron. El proyecto se ha exportado a otros mercados\u00a0 interesados en llevarlo a cabo en sus respectivas unidades alimentarias, debido al \u00e9xito y a la gran acogida que tiene en nuestra ciudad.<\/p>\n<table>\n<tbody>\n<tr>\n<th>Indicadores de la Acci\u00f3n<\/th>\n<th><\/th>\n<\/tr>\n<tr>\n<td>N\u00ba de Colegios que nos han visitado<\/td>\n<td>42 Colegios<\/td>\n<\/tr>\n<tr>\n<td>Charlas impartidas en colegios<\/td>\n<td>10 Colegios<\/td>\n<\/tr>\n<tr>\n<td>N\u00ba de participantes<\/td>\n<td>3.964 escolares<\/td>\n<\/tr>\n<tr>\n<td>Recursos destinados a la Comunidad<\/td>\n<td>9.338&#8217;24 \u20ac<\/td>\n<\/tr>\n<\/tbody>\n<\/table>\n<p>Contamos con la colaboraci\u00f3n de la Concejal\u00eda de Educaci\u00f3n del Ayuntamiento de Granada y de los operadores del mercado quienes aportan sus productos para los talleres de los sentidos.<\/p>\n<p>Mercagranada, <strong>reforzando<\/strong> <strong>su labor de responsabilidad con la sociedad<\/strong>\u00a0en la que opera, desde el a\u00f1o 2014 realiza charlas Educativas. En este caso, es Mercagranada quien se desplaza hacia aquellos centros que no pueden hacerlo\u00a0 a la Unidad Alimentaria.<\/p>\n<p>La evoluci\u00f3n del crecimiento de participantes avala el esfuerzo en intentar transmitir a los m\u00e1s peque\u00f1os h\u00e1bitos alimentarios correctos y la satisfacci\u00f3n de los colegios al realizar sus visitas.<\/p>\n<table>\n<tbody>\n<tr>\n<th colspan=\"2\">N\u00ba de Ni\u00f1os<\/th>\n<\/tr>\n<tr>\n<th>2014<\/th>\n<td>2.987<\/td>\n<\/tr>\n<tr>\n<th>2015<\/th>\n<td>3.449<\/td>\n<\/tr>\n<tr>\n<th>2016<\/th>\n<td>3.964<\/td>\n<\/tr>\n<\/tbody>\n<\/table>\n<h3>EVOLUCION DE LA SATISFACCION DE LOS COLEGIOS CON EL PROGRAMA:<\/h3>\n<table width=\"100%\">\n<tbody>\n<tr>\n<td rowspan=\"2\" width=\"39\"><strong>A\u00d1O<\/strong><\/td>\n<td rowspan=\"2\" width=\"51\"><strong>NAVES<\/strong><\/td>\n<td colspan=\"2\" width=\"110\"><strong>AULA<\/strong><\/td>\n<td colspan=\"2\" width=\"162\"><strong>MATERIAL<\/strong><\/td>\n<td rowspan=\"2\" width=\"62\"><strong>Web<\/strong><\/td>\n<td rowspan=\"2\" width=\"97\"><strong>Explicaciones<\/strong><\/td>\n<td rowspan=\"2\" width=\"57\"><strong>Visita<\/strong><\/td>\n<td rowspan=\"2\" width=\"76\"><strong>TOTAL<\/strong><\/td>\n<\/tr>\n<tr>\n<td width=\"39\"><strong>fruta<\/strong><\/td>\n<td width=\"70\"><strong>pescado<\/strong><\/td>\n<td width=\"77\"><strong>Alumno<\/strong><\/td>\n<td width=\"86\"><strong>Profesor<\/strong><\/td>\n<\/tr>\n<tr>\n<td width=\"39\"><strong>2014<\/strong><\/td>\n<td width=\"51\">9,44<\/td>\n<td width=\"39\">9,78<\/td>\n<td width=\"70\">9,63<\/td>\n<td width=\"77\">9,33<\/td>\n<td width=\"86\">9,33<\/td>\n<td width=\"62\">10,00<\/td>\n<td width=\"97\">10,00<\/td>\n<td width=\"57\">9,78<\/td>\n<td width=\"76\">9,66<\/td>\n<\/tr>\n<tr>\n<td width=\"39\"><strong>2015<\/strong><\/td>\n<td width=\"51\">9,73<\/td>\n<td width=\"39\">9,85<\/td>\n<td width=\"70\">9,77<\/td>\n<td width=\"77\">10,00<\/td>\n<td width=\"86\">10,00<\/td>\n<td width=\"62\">10,00<\/td>\n<td width=\"97\">9,87<\/td>\n<td width=\"57\">9,87<\/td>\n<td width=\"76\">9,80<\/td>\n<\/tr>\n<tr>\n<td width=\"39\"><strong>2016<\/strong><\/td>\n<td width=\"51\">9,87<\/td>\n<td width=\"39\">9,87<\/td>\n<td width=\"70\">9,69<\/td>\n<td width=\"77\">9,85<\/td>\n<td width=\"86\">9,68<\/td>\n<td width=\"62\">9,85<\/td>\n<td width=\"97\">9,97<\/td>\n<td width=\"57\">9,88<\/td>\n<td width=\"76\">9,83<\/td>\n<\/tr>\n<\/tbody>\n<\/table>\n<p>&nbsp;<\/p>\n","protected":false},"excerpt":{"rendered":"<p>\u201cConoce Mercagranada y los alimentos\u201d es un programa orientado a mejorar la calidad de la dieta de nuestros\/as menores y educar sus h\u00e1bitos en el consumo de alimentos. El programa de trabajo consta de tres fases: Una primera, optativa, para que los Centros puedan acceder a material did\u00e1ctico alojado en la p\u00e1gina web y as\u00ed [&hellip;]<\/p>\n","protected":false},"author":1,"featured_media":0,"parent":0,"menu_order":0,"comment_status":"open","ping_status":"open","template":"page_sidebar.php","meta":[],"_links":{"self":[{"href":"http:\/\/new.mercagranada.es\/espaciosdisponibles\/wp-json\/wp\/v2\/pages\/924"}],"collection":[{"href":"http:\/\/new.mercagranada.es\/espaciosdisponibles\/wp-json\/wp\/v2\/pages"}],"about":[{"href":"http:\/\/new.mercagranada.es\/espaciosdisponibles\/wp-json\/wp\/v2\/types\/page"}],"author":[{"embeddable":true,"href":"http:\/\/new.mercagranada.es\/espaciosdisponibles\/wp-json\/wp\/v2\/users\/1"}],"replies":[{"embeddable":true,"href":"http:\/\/new.mercagranada.es\/espaciosdisponibles\/wp-json\/wp\/v2\/comments?post=924"}],"version-history":[{"count":17,"href":"http:\/\/new.mercagranada.es\/espaciosdisponibles\/wp-json\/wp\/v2\/pages\/924\/revisions"}],"predecessor-version":[{"id":12305,"href":"http:\/\/new.mercagranada.es\/espaciosdisponibles\/wp-json\/wp\/v2\/pages\/924\/revisions\/12305"}],"wp:attachment":[{"href":"http:\/\/new.mercagranada.es\/espaciosdisponibles\/wp-json\/wp\/v2\/media?parent=924"}],"curies":[{"name":"wp","href":"https:\/\/api.w.org\/{rel}","templated":true}]}}