{"id":1282,"date":"2013-09-09T09:42:03","date_gmt":"2013-09-09T09:42:03","guid":{"rendered":"http:\/\/mercagranada.es\/espaciosdisponibles\/?page_id=1282"},"modified":"2024-06-27T11:16:34","modified_gmt":"2024-06-27T09:16:34","slug":"acceso-y-estacionamiento","status":"publish","type":"page","link":"https:\/\/new.mercagranada.es\/espaciosdisponibles\/servicios-mercagranada\/acceso-y-estacionamiento\/","title":{"rendered":"Acceso y Estacionamiento"},"content":{"rendered":"<p style=\"text-align: justify;\"><strong>Mercagranada ofrece el servicio de acceso y estacionamiento en toda la Unidad Alimentaria<\/strong>. Este servicio, mediante el abono de la correspondiente tarifa, tiene las siguientes caracter\u00edsticas:<\/p>\n<ul>\n<li><strong>N\u00daMERO DE ACCESOS DIARIOS<\/strong> <em>(El usuario puede acceder tantas veces como desee, dentro del mismo d\u00eda).<\/em><\/li>\n<li><strong>TIEMPO DE ESTANCIA<\/strong> <em>(El usuario puede permanecer, sin sobrecoste, 8 horas continuadas dentro recinto en cada acceso).<\/em><\/li>\n<\/ul>\n<p style=\"text-align: left;\">A continuaci\u00f3n podr\u00e1 consultar las <strong>Tarifas y Promociones.<\/strong><\/p>\n<p><img loading=\"lazy\" class=\"aligncenter wp-image-52575 size-full\" src=\"https:\/\/mercagranada.es\/espaciosdisponibles\/wp-content\/uploads\/2024\/06\/Tarifas-ano-2024.png\" alt=\"\" width=\"1387\" height=\"2048\" srcset=\"https:\/\/new.mercagranada.es\/espaciosdisponibles\/wp-content\/uploads\/2024\/06\/Tarifas-ano-2024.png 1387w, https:\/\/new.mercagranada.es\/espaciosdisponibles\/wp-content\/uploads\/2024\/06\/Tarifas-ano-2024-203x300.png 203w, https:\/\/new.mercagranada.es\/espaciosdisponibles\/wp-content\/uploads\/2024\/06\/Tarifas-ano-2024-694x1024.png 694w, https:\/\/new.mercagranada.es\/espaciosdisponibles\/wp-content\/uploads\/2024\/06\/Tarifas-ano-2024-768x1134.png 768w, https:\/\/new.mercagranada.es\/espaciosdisponibles\/wp-content\/uploads\/2024\/06\/Tarifas-ano-2024-1040x1536.png 1040w\" sizes=\"(max-width: 1387px) 100vw, 1387px\" \/><\/p>\n<p>Para regular y controlar este servicio, Mercagranada cuenta con un sistema de Control de Accesos a trav\u00e9s de videoreconocimiento de matricula. Para hacer <strong>uso correctamente del sistema<\/strong>, el usuario deber\u00e1 respetar las siguientes<strong> indicaciones<\/strong>:<\/p>\n<p><strong>ABONADOS:<\/strong><\/p>\n<blockquote>\n<ol>\n<li style=\"list-style-type: none;\">\n<ol>\n<li>Al acercarse al acceso por el Vial Principal encontrar\u00e1 3 viales de entrada habilitados por sem\u00e1foros, sit\u00faese en el que corresponda con su tipo de veh\u00edculo.<\/li>\n<li>Se reconocer\u00e1 su matricula, la barrera se abrir\u00e1 y podr\u00e1 acceder al recinto.<\/li>\n<li>Si la barrera no se abre. Solicite ticket y una vez en el recinto dir\u00edjase al puesto de Control o a la Oficina de Atenci\u00f3n al Cliente para solucionar la incidencia.<\/li>\n<li>Salga por cualquier vial de Salida habilitado, dependiendo de la altura de su veh\u00edculo. El proceso de apertura ser\u00e1 el mismo.<\/li>\n<li>Si la barrera no se abre, pulse el interfono y desde el puesto de Control le solucionar\u00e1n la incidencia.<\/li>\n<\/ol>\n<\/li>\n<\/ol>\n<\/blockquote>\n<p><strong>PAGO MANUAL:<\/strong><\/p>\n<blockquote>\n<ol>\n<li style=\"list-style-type: none;\">\n<ol>\n<li>Acceda por cualquier vial de Entrada habilitado por sem\u00e1foros, dependiendo de la altura de su veh\u00edculo.<\/li>\n<li>Solicite Ticket, la barrera se abrir\u00e1 y podr\u00e1 acceder al recinto.<\/li>\n<li>Antes de salir dirigase a cualquier punto de validaci\u00f3n para efectuar el pago.<\/li>\n<li>Salga por cualquier vial de Salida habilitado, dependiendo de la altura del veh\u00edculo.<\/li>\n<li>Introduzca el Ticket, previamente validado, la barrera se abrir\u00e1 y podr\u00e1 salir del reciento.<\/li>\n<li>Si la barrera no se abre, pulse el interfono y desde el puesto de Control le solucionar\u00e1n la incidencia.<\/li>\n<\/ol>\n<\/li>\n<\/ol>\n<\/blockquote>\n<p>Para cualquier consulta no dude ponerse en contacto con nosotros a trav\u00e9s de <a href=\"mailto:info@mercagranada.es\">info@mercagranada.es<\/a> o\u00a0 llamando al <strong>958 276 300<\/strong> (\u00c1rea de Atenci\u00f3n al Cliente).<\/p>\n","protected":false},"excerpt":{"rendered":"<p>Mercagranada ofrece el servicio de acceso y estacionamiento en toda la Unidad Alimentaria. Este servicio, mediante el abono de la correspondiente tarifa, tiene las siguientes caracter\u00edsticas: N\u00daMERO DE ACCESOS DIARIOS (El usuario puede acceder tantas veces como desee, dentro del mismo d\u00eda). TIEMPO DE ESTANCIA (El usuario puede permanecer, sin sobrecoste, 8 horas continuadas dentro [&hellip;]<\/p>\n","protected":false},"author":1,"featured_media":0,"parent":949,"menu_order":0,"comment_status":"open","ping_status":"open","template":"page_sidebar.php","meta":[],"_links":{"self":[{"href":"https:\/\/new.mercagranada.es\/espaciosdisponibles\/wp-json\/wp\/v2\/pages\/1282"}],"collection":[{"href":"https:\/\/new.mercagranada.es\/espaciosdisponibles\/wp-json\/wp\/v2\/pages"}],"about":[{"href":"https:\/\/new.mercagranada.es\/espaciosdisponibles\/wp-json\/wp\/v2\/types\/page"}],"author":[{"embeddable":true,"href":"https:\/\/new.mercagranada.es\/espaciosdisponibles\/wp-json\/wp\/v2\/users\/1"}],"replies":[{"embeddable":true,"href":"https:\/\/new.mercagranada.es\/espaciosdisponibles\/wp-json\/wp\/v2\/comments?post=1282"}],"version-history":[{"count":54,"href":"https:\/\/new.mercagranada.es\/espaciosdisponibles\/wp-json\/wp\/v2\/pages\/1282\/revisions"}],"predecessor-version":[{"id":52576,"href":"https:\/\/new.mercagranada.es\/espaciosdisponibles\/wp-json\/wp\/v2\/pages\/1282\/revisions\/52576"}],"up":[{"embeddable":true,"href":"https:\/\/new.mercagranada.es\/espaciosdisponibles\/wp-json\/wp\/v2\/pages\/949"}],"wp:attachment":[{"href":"https:\/\/new.mercagranada.es\/espaciosdisponibles\/wp-json\/wp\/v2\/media?parent=1282"}],"curies":[{"name":"wp","href":"https:\/\/api.w.org\/{rel}","templated":true}]}}