{"id":1487,"date":"2013-09-19T15:31:38","date_gmt":"2013-09-19T13:31:38","guid":{"rendered":"http:\/\/mercagranada.es\/espaciosdisponibles\/?page_id=1487"},"modified":"2021-03-15T20:51:30","modified_gmt":"2021-03-15T18:51:30","slug":"venta-de-hielo-en-escamas","status":"publish","type":"page","link":"https:\/\/new.mercagranada.es\/espaciosdisponibles\/servicios-mercagranada\/venta-de-hielo-en-escamas\/","title":{"rendered":"Venta de hielo al por mayor"},"content":{"rendered":"<h2>Venta de hielo en escamas en Granada<\/h2>\n<p>En Mercagranada le ofrecemos <b>venta de hielo en escamas al por mayor,<\/b> al comercio detallista y\u00a0a los profesionales de la restauraci\u00f3n. La unidad m\u00ednima es en sacos de 20 kilogramos y su finalidad va desde la conservaci\u00f3n de alimentos (pescado fresco) hasta el uso para hosteler\u00eda. <strong>Sin restricci\u00f3n horaria<\/strong>, ya que podr\u00e1 comprar las unidades que necesite a cualquier hora y cualquier d\u00eda del a\u00f1o.<\/p>\n<h2>\u00bfQu\u00e9 es el hielo en escamas?<\/h2>\n<p>El <strong>hielo en escamas<\/strong> es un hielo h\u00edbrido, utilizado para el enfriamiento de los productos del mar y c\u00e1rnicos, as\u00ed como para numerosas aplicaciones industriales. Se trata de un hielo troceado, es sub-enfriado y seco, el tama\u00f1o de las escamas es\u00a0 de 5 a 10 cm2, y de 1.5 a 3mm de espesor, su temperatura alcanza los\u00a0 -6 \u00b0C, aproximadamente.<\/p>\n<p>El hielo, al fundirse, permite enfriar un producto y preservarlo de la p\u00e9rdida de humedad e incluso devolverle su humedad natural paulatinamente. Si bien el <strong>hielo en escamas<\/strong> tiene estas propiedades, su temperatura y su forma espec\u00edfica le confieren caracter\u00edsticas propias que le dan otras tantas ventajas en muchos procesos industriales o agroalimentarios.<\/p>\n<h2>Comprar hielo en escamas al por mayor en Granada<\/h2>\n<p style=\"text-align: left;\">Para cualquier consulta no dude ponerse en contacto con nosotros a trav\u00e9s de <strong><a href=\"mailto:info@mercagranada.es\">info@mercagranada.es<\/a><\/strong> o llamando al <strong>958 276 300<\/strong>.<\/p>\n","protected":false},"excerpt":{"rendered":"<p>Venta de hielo en escamas en Granada En Mercagranada le ofrecemos venta de hielo en escamas al por mayor, al comercio detallista y\u00a0a los profesionales de la restauraci\u00f3n. La unidad m\u00ednima es en sacos de 20 kilogramos y su finalidad va desde la conservaci\u00f3n de alimentos (pescado fresco) hasta el uso para hosteler\u00eda. Sin restricci\u00f3n [&hellip;]<\/p>\n","protected":false},"author":1,"featured_media":33078,"parent":949,"menu_order":0,"comment_status":"open","ping_status":"closed","template":"page_sidebar.php","meta":[],"_links":{"self":[{"href":"https:\/\/new.mercagranada.es\/espaciosdisponibles\/wp-json\/wp\/v2\/pages\/1487"}],"collection":[{"href":"https:\/\/new.mercagranada.es\/espaciosdisponibles\/wp-json\/wp\/v2\/pages"}],"about":[{"href":"https:\/\/new.mercagranada.es\/espaciosdisponibles\/wp-json\/wp\/v2\/types\/page"}],"author":[{"embeddable":true,"href":"https:\/\/new.mercagranada.es\/espaciosdisponibles\/wp-json\/wp\/v2\/users\/1"}],"replies":[{"embeddable":true,"href":"https:\/\/new.mercagranada.es\/espaciosdisponibles\/wp-json\/wp\/v2\/comments?post=1487"}],"version-history":[{"count":26,"href":"https:\/\/new.mercagranada.es\/espaciosdisponibles\/wp-json\/wp\/v2\/pages\/1487\/revisions"}],"predecessor-version":[{"id":50466,"href":"https:\/\/new.mercagranada.es\/espaciosdisponibles\/wp-json\/wp\/v2\/pages\/1487\/revisions\/50466"}],"up":[{"embeddable":true,"href":"https:\/\/new.mercagranada.es\/espaciosdisponibles\/wp-json\/wp\/v2\/pages\/949"}],"wp:featuredmedia":[{"embeddable":true,"href":"https:\/\/new.mercagranada.es\/espaciosdisponibles\/wp-json\/wp\/v2\/media\/33078"}],"wp:attachment":[{"href":"https:\/\/new.mercagranada.es\/espaciosdisponibles\/wp-json\/wp\/v2\/media?parent=1487"}],"curies":[{"name":"wp","href":"https:\/\/api.w.org\/{rel}","templated":true}]}}