{"id":1683,"date":"2013-09-23T19:03:21","date_gmt":"2013-09-23T17:03:21","guid":{"rendered":"http:\/\/mercagranada.es\/?page_id=1683"},"modified":"2023-05-17T21:55:25","modified_gmt":"2023-05-17T19:55:25","slug":"estatutos","status":"publish","type":"page","link":"https:\/\/new.mercagranada.es\/espaciosdisponibles\/estatutos\/","title":{"rendered":"Normas, Reglamento, Convenio y Estatutos"},"content":{"rendered":"<p>Las presentes normas, Reglamento de Prestaci\u00f3n de Servicios, Organizaci\u00f3n y Funcionamiento, Convenio Colectivo\u00a0 y\u00a0 Estatutos determinan la organizaci\u00f3n y funcionamiento del Mercado Mayorista de Mercagranada S.A, de la Unidad Alimentaria, as\u00ed como en sus instalaciones complementarias y ser\u00e1n de obligado cumplimiento para todas aquellas personas y entidades legales formalmente autorizadas para su uso.<\/p>\n<p><strong><span style=\"color: #000000;\">Normas Internas<\/span><\/strong><\/p>\n<p><span style=\"color: #0000ff;\"><img loading=\"lazy\" class=\"\" src=\"https:\/\/us.123rf.com\/450wm\/yupiramos\/yupiramos1611\/yupiramos161101492\/66406554-dise%C3%B1o-de-flecha-s%C3%ADmbolo-descargar-icono-aislado-vector-ilustraci%C3%B3n.jpg?ver=6\" alt=\"Flecha De Descarga S\u00edmbolo Aislado Icono Vector Ilustraci\u00f3n Dise\u00f1o ...\" width=\"27\" height=\"27\" \/>\u00a0 \u00a0<a style=\"color: #0000ff;\" href=\"http:\/\/mercagranada.es\/espaciosdisponibles\/wp-content\/uploads\/2020\/05\/Normativa-Interna-01-2020-Calendario-y-horarios-de-la-actividad-de-Frutas-y-Hortalizas.pdf\">Calendario y horarios de la actividad de Frutas y Hortalizas<\/a><\/span><\/p>\n<p><span style=\"color: #0000ff;\"><img loading=\"lazy\" class=\"\" src=\"https:\/\/us.123rf.com\/450wm\/yupiramos\/yupiramos1611\/yupiramos161101492\/66406554-dise%C3%B1o-de-flecha-s%C3%ADmbolo-descargar-icono-aislado-vector-ilustraci%C3%B3n.jpg?ver=6\" alt=\"Flecha De Descarga S\u00edmbolo Aislado Icono Vector Ilustraci\u00f3n Dise\u00f1o ...\" width=\"27\" height=\"27\" \/>\u00a0 \u00a0<a style=\"color: #0000ff;\" href=\"http:\/\/mercagranada.es\/espaciosdisponibles\/wp-content\/uploads\/2020\/05\/Normativa-Interna-02-2020-Calendario-y-horarios-de-la-actividad-de-pescados.pdf\">Calendario y horarios de la actividad de Pescados<\/a><\/span><\/p>\n<p><span style=\"color: #0000ff;\"><img loading=\"lazy\" class=\"\" src=\"https:\/\/us.123rf.com\/450wm\/yupiramos\/yupiramos1611\/yupiramos161101492\/66406554-dise%C3%B1o-de-flecha-s%C3%ADmbolo-descargar-icono-aislado-vector-ilustraci%C3%B3n.jpg?ver=6\" alt=\"Flecha De Descarga S\u00edmbolo Aislado Icono Vector Ilustraci\u00f3n Dise\u00f1o ...\" width=\"27\" height=\"27\" \/> \u00a0<a style=\"color: #0000ff;\" href=\"http:\/\/mercagranada.es\/espaciosdisponibles\/wp-content\/uploads\/2020\/05\/Normativa-Interna-03-2020-Normas-sanitarias-v2.pdf\">Normas Sanitarias\u00a0<\/a><\/span><\/p>\n<p><span style=\"color: #0000ff;\"><img loading=\"lazy\" class=\"\" src=\"https:\/\/us.123rf.com\/450wm\/yupiramos\/yupiramos1611\/yupiramos161101492\/66406554-dise%C3%B1o-de-flecha-s%C3%ADmbolo-descargar-icono-aislado-vector-ilustraci%C3%B3n.jpg?ver=6\" alt=\"Flecha De Descarga S\u00edmbolo Aislado Icono Vector Ilustraci\u00f3n Dise\u00f1o ...\" width=\"27\" height=\"27\" \/>\u00a0 <a style=\"color: #0000ff;\" href=\"http:\/\/mercagranada.es\/espaciosdisponibles\/wp-content\/uploads\/2020\/06\/Normativa-Interna-04-2020-Penalizaciones.pdf\">Normas de Penalizaciones en la Unidad Alimentaria<\/a><\/span><\/p>\n<p><span style=\"color: #0000ff;\"><img loading=\"lazy\" class=\"\" src=\"https:\/\/us.123rf.com\/450wm\/yupiramos\/yupiramos1611\/yupiramos161101492\/66406554-dise%C3%B1o-de-flecha-s%C3%ADmbolo-descargar-icono-aislado-vector-ilustraci%C3%B3n.jpg?ver=6\" alt=\"Flecha De Descarga S\u00edmbolo Aislado Icono Vector Ilustraci\u00f3n Dise\u00f1o ...\" width=\"27\" height=\"27\" \/>\u00a0 <a style=\"color: #0000ff;\" href=\"http:\/\/mercagranada.es\/espaciosdisponibles\/wp-content\/uploads\/2020\/06\/Normativa-Interna-05-2020-Laborales.pdf\">Normas Laborales en la Unidad Alimentaria\u00a0<\/a><\/span><\/p>\n<p><span style=\"color: #0000ff;\"><img loading=\"lazy\" class=\"\" src=\"https:\/\/us.123rf.com\/450wm\/yupiramos\/yupiramos1611\/yupiramos161101492\/66406554-dise%C3%B1o-de-flecha-s%C3%ADmbolo-descargar-icono-aislado-vector-ilustraci%C3%B3n.jpg?ver=6\" alt=\"Flecha De Descarga S\u00edmbolo Aislado Icono Vector Ilustraci\u00f3n Dise\u00f1o ...\" width=\"27\" height=\"27\" \/>\u00a0 <a style=\"color: #0000ff;\" href=\"http:\/\/mercagranada.es\/espaciosdisponibles\/wp-content\/uploads\/2021\/09\/Normativa-Interna-01-2021-Vertidos-de-aguas-residuales.pdf\">Vertidos de aguas residuales<\/a><\/span><\/p>\n<p><span style=\"color: #0000ff;\"><img loading=\"lazy\" class=\"\" src=\"https:\/\/us.123rf.com\/450wm\/yupiramos\/yupiramos1611\/yupiramos161101492\/66406554-dise%C3%B1o-de-flecha-s%C3%ADmbolo-descargar-icono-aislado-vector-ilustraci%C3%B3n.jpg?ver=6\" alt=\"Flecha De Descarga S\u00edmbolo Aislado Icono Vector Ilustraci\u00f3n Dise\u00f1o ...\" width=\"27\" height=\"27\" \/>\u00a0 <a style=\"color: #0000ff;\" href=\"http:\/\/mercagranada.es\/espaciosdisponibles\/wp-content\/uploads\/2022\/02\/Normativa-Interna-01-2022-Tratamiento-Residuos.pdf\">Tratamiento de Residuos<\/a><\/span><\/p>\n<p><span style=\"color: #0000ff;\"><img loading=\"lazy\" class=\"\" src=\"https:\/\/us.123rf.com\/450wm\/yupiramos\/yupiramos1611\/yupiramos161101492\/66406554-dise%C3%B1o-de-flecha-s%C3%ADmbolo-descargar-icono-aislado-vector-ilustraci%C3%B3n.jpg?ver=6\" alt=\"Flecha De Descarga S\u00edmbolo Aislado Icono Vector Ilustraci\u00f3n Dise\u00f1o ...\" width=\"27\" height=\"27\" \/>\u00a0 <a style=\"color: #0000ff;\" href=\"http:\/\/mercagranada.es\/espaciosdisponibles\/wp-content\/uploads\/2022\/07\/Normativa-Interna-02-2022-Deudas.pdf\">Deudas y aplicaci\u00f3n de bonificaciones<\/a><\/span><\/p>\n<p>&nbsp;<\/p>\n<p>&nbsp;<\/p>\n<p>&nbsp;<\/p>\n<p><a href=\"http:\/\/mercagranada.es\/espaciosdisponibles\/wp-content\/uploads\/2019\/05\/Reglamento-Mercagranada-Publicar.pdf\"><img loading=\"lazy\" class=\"aligncenter wp-image-30066\" src=\"http:\/\/mercagranada.es\/espaciosdisponibles\/wp-content\/uploads\/2019\/06\/Recurso-1-1024x363.png\" alt=\"\" width=\"477\" height=\"181\" \/><\/a><\/p>\n<p style=\"text-align: center;\"><a style=\"padding: 4px 12px; background-color: #e62323; color: #fff;\" href=\"http:\/\/mercagranada.es\/espaciosdisponibles\/wp-content\/uploads\/2019\/05\/Reglamento-Mercagranada-Publicar.pdf\" target=\"_BLANK\" rel=\"noopener noreferrer\">Reglamento de Prestaci\u00f3n de Servicios, Organizaci\u00f3n\u00a0<\/a><\/p>\n<p style=\"text-align: center;\"><a style=\"padding: 4px 12px; background-color: #e62323; color: #fff;\" href=\"http:\/\/mercagranada.es\/espaciosdisponibles\/wp-content\/uploads\/2019\/05\/Reglamento-Mercagranada-Publicar.pdf\" target=\"_BLANK\" rel=\"noopener noreferrer\">Funcionamiento de la Unidad Alimentaria de Mercagranada S.A<\/a><\/p>\n<p>&nbsp;<\/p>\n<p><a href=\"http:\/\/mercagranada.es\/espaciosdisponibles\/wp-content\/uploads\/2023\/05\/Convenio-colectivo-2023-2027.pdf\" rel=\"noopener noreferrer\"><img loading=\"lazy\" class=\"aligncenter wp-image-4689\" src=\"http:\/\/mercagranada.es\/espaciosdisponibles\/wp-content\/uploads\/mercagranada-servicios-categorias-10.jpg\" alt=\"Reglamento, Convenio y Estatutos - MercaGranada SA\" width=\"427\" height=\"210\" srcset=\"https:\/\/new.mercagranada.es\/espaciosdisponibles\/wp-content\/uploads\/mercagranada-servicios-categorias-10.jpg 610w, https:\/\/new.mercagranada.es\/espaciosdisponibles\/wp-content\/uploads\/mercagranada-servicios-categorias-10-300x147.jpg 300w\" sizes=\"(max-width: 427px) 100vw, 427px\" \/><\/a><\/p>\n<p style=\"text-align: center;\"><a style=\"padding: 4px 12px; background-color: #e62323; color: #fff;\" href=\"http:\/\/mercagranada.es\/espaciosdisponibles\/wp-content\/uploads\/2023\/05\/Convenio-colectivo-2023-2027.pdf\" target=\"_BLANK\" rel=\"noopener noreferrer\">Convenio Colectivo Mercagranada S.A.<\/a><\/p>\n<p>&nbsp;<\/p>\n<p><a href=\"http:\/\/mercagranada.es\/transparencia\/wp-content\/uploads\/2021\/10\/ESTATUTOS-MERCAGRANADA-2020.pdf\"><img loading=\"lazy\" class=\"aligncenter wp-image-51297\" src=\"http:\/\/mercagranada.es\/espaciosdisponibles\/wp-content\/uploads\/2022\/05\/mercagranada-servicios-categorias-estatutos-08-300x148.jpg\" alt=\"\" width=\"427\" height=\"210\" srcset=\"https:\/\/new.mercagranada.es\/espaciosdisponibles\/wp-content\/uploads\/2022\/05\/mercagranada-servicios-categorias-estatutos-08-300x148.jpg 300w, https:\/\/new.mercagranada.es\/espaciosdisponibles\/wp-content\/uploads\/2022\/05\/mercagranada-servicios-categorias-estatutos-08.jpg 610w\" sizes=\"(max-width: 427px) 100vw, 427px\" \/><\/a><\/p>\n<p style=\"text-align: center;\"><a style=\"padding: 4px 12px; background-color: #e62323; color: #fff;\" href=\"http:\/\/mercagranada.es\/transparencia\/wp-content\/uploads\/2021\/10\/ESTATUTOS-MERCAGRANADA-2020.pdf\" target=\"_BLANK\" rel=\"noopener noreferrer\">Estatutos Mercagranada<\/a><\/p>\n<p>&nbsp;<\/p>\n","protected":false},"excerpt":{"rendered":"<p>Las presentes normas, Reglamento de Prestaci\u00f3n de Servicios, Organizaci\u00f3n y Funcionamiento, Convenio Colectivo\u00a0 y\u00a0 Estatutos determinan la organizaci\u00f3n y funcionamiento del Mercado Mayorista de Mercagranada S.A, de la Unidad Alimentaria, as\u00ed como en sus instalaciones complementarias y ser\u00e1n de obligado cumplimiento para todas aquellas personas y entidades legales formalmente autorizadas para su uso. Normas Internas [&hellip;]<\/p>\n","protected":false},"author":1,"featured_media":0,"parent":0,"menu_order":0,"comment_status":"open","ping_status":"open","template":"page_sidebar.php","meta":[],"_links":{"self":[{"href":"https:\/\/new.mercagranada.es\/espaciosdisponibles\/wp-json\/wp\/v2\/pages\/1683"}],"collection":[{"href":"https:\/\/new.mercagranada.es\/espaciosdisponibles\/wp-json\/wp\/v2\/pages"}],"about":[{"href":"https:\/\/new.mercagranada.es\/espaciosdisponibles\/wp-json\/wp\/v2\/types\/page"}],"author":[{"embeddable":true,"href":"https:\/\/new.mercagranada.es\/espaciosdisponibles\/wp-json\/wp\/v2\/users\/1"}],"replies":[{"embeddable":true,"href":"https:\/\/new.mercagranada.es\/espaciosdisponibles\/wp-json\/wp\/v2\/comments?post=1683"}],"version-history":[{"count":79,"href":"https:\/\/new.mercagranada.es\/espaciosdisponibles\/wp-json\/wp\/v2\/pages\/1683\/revisions"}],"predecessor-version":[{"id":51804,"href":"https:\/\/new.mercagranada.es\/espaciosdisponibles\/wp-json\/wp\/v2\/pages\/1683\/revisions\/51804"}],"wp:attachment":[{"href":"https:\/\/new.mercagranada.es\/espaciosdisponibles\/wp-json\/wp\/v2\/media?parent=1683"}],"curies":[{"name":"wp","href":"https:\/\/api.w.org\/{rel}","templated":true}]}}