{"id":7297,"date":"2016-08-03T09:12:31","date_gmt":"2016-08-03T07:12:31","guid":{"rendered":"http:\/\/mercagranada.es\/?page_id=7297"},"modified":"2016-08-03T09:47:07","modified_gmt":"2016-08-03T07:47:07","slug":"ofertas-de-empleo","status":"publish","type":"page","link":"https:\/\/new.mercagranada.es\/espaciosdisponibles\/ofertas-de-empleo\/","title":{"rendered":"Ofertas de empleo"},"content":{"rendered":"<p>A continuaci\u00f3n encontrar\u00e1s la lista de ofertas de empleo vigentes. Si crees que tu perfil encaja con los procesos abiertos no dudes en enviarnos tu curr\u00edculum para tenerlo en cuenta.<\/p>\n<p>&nbsp;<\/p>\n<div class=\"aviso\"><strong>Selecci\u00f3n de personal<\/strong> Anuncio convocatoria 2015 para la contrataci\u00f3n de dos plazas de agente de atenci\u00f3n al cliente.<a href=\"http:\/\/mercagranada.es\/descargas\/convocatoria-agente.pdf\">&#8211; Descargar documento de convocatoria<\/a><br \/>\n<a href=\"http:\/\/mercagranada.es\/descargas\/solicitud-agente.pdf\">&#8211; Descargar documento de solicitud de admision a las pruebas<\/a><br \/>\n<a href=\"http:\/\/mercagranada.es\/descargas\/resultado_prueba_seleccion.pdf\">&#8211; <strong style=\"color: #e62323;\">RESULTADO FINAL DE LAS PRUEBAS (Seleccionados los N\u00ba 1 Y 2)<\/strong><\/a> (Actualizaci\u00f3n 16\/01\/2015)<\/div>\n<p>&nbsp;<\/p>\n<div class=\"aviso\"><strong>Selecci\u00f3n de personal<\/strong> Anuncio convocatoria 2015 para la contrataci\u00f3n oficial 2\u00ba mantenimiento .<a href=\"http:\/\/mercagranada.es\/descargas\/anuncio_convocatoria_oficial_2_mantenimiento.pdf\">&#8211; Descargar documento de convocatoria<\/a><br \/>\n<a href=\"http:\/\/mercagranada.es\/descargas\/solicitud_admision_oficial_2_mantenimiento.pdf\">&#8211; Descargar documento de solicitud de admision a las pruebas<\/a><br \/>\n<a href=\"http:\/\/mercagranada.es\/espaciosdisponibles\/wp-content\/uploads\/LISTADO-ADMITIDOS-A-EXAMENES.pdf\">&#8211; Descargar LISTADO ADMITIDOS A EXAMENES<\/a> (Actualizaci\u00f3n 14\/01\/2015)<br \/>\n<a href=\"http:\/\/mercagranada.es\/espaciosdisponibles\/wp-content\/uploads\/LISTADO-NOTAS-EXAMENES-OFICIAL-SEGUNDA.pdf\" target=\"_BLANK\">&#8211; <strong style=\"color: #e62323;\">Descargar LISTADO NOTAS EX\u00c1MENES OFICIAL SEGUNDA<\/strong><\/a> (Actualizaci\u00f3n 22\/01\/2015)<\/div>\n<p>&nbsp;<\/p>\n<h2><strong>\u00bfTe interesa alguna de nuestras ofertas de empleo? Env\u00edanos tu curr\u00edculum<\/strong><\/h2>\n<p>Si deseas enviar tu curr\u00edculum a Mercagranada S.A., disponemos de una base de datos de profesionales que ponemos a disposici\u00f3n de las empresas instaladas en la Unidad Alimentaria. Rellena el siguiente formulario y nos pondremos en contacto con usted<\/p>\n<div role=\"form\" class=\"wpcf7\" id=\"wpcf7-f2264-o1\" lang=\"es-ES\" dir=\"ltr\">\n<div class=\"screen-reader-response\">\n<p role=\"status\" aria-live=\"polite\" aria-atomic=\"true\">\n<ul><\/ul>\n<\/div>\n<form action=\"\/espaciosdisponibles\/wp-json\/wp\/v2\/pages\/7297#wpcf7-f2264-o1\" method=\"post\" class=\"wpcf7-form init\" enctype=\"multipart\/form-data\" novalidate=\"novalidate\" data-status=\"init\">\n<div style=\"display: none;\">\n<input type=\"hidden\" name=\"_wpcf7\" value=\"2264\" \/><br \/>\n<input type=\"hidden\" name=\"_wpcf7_version\" value=\"5.3.2\" \/><br \/>\n<input type=\"hidden\" name=\"_wpcf7_locale\" value=\"es_ES\" \/><br \/>\n<input type=\"hidden\" name=\"_wpcf7_unit_tag\" value=\"wpcf7-f2264-o1\" \/><br \/>\n<input type=\"hidden\" name=\"_wpcf7_container_post\" value=\"0\" \/><br \/>\n<input type=\"hidden\" name=\"_wpcf7_posted_data_hash\" value=\"\" \/>\n<\/div>\n<p>Nombre y Apellidos (requerido):<br \/>\n<span class=\"wpcf7-form-control-wrap nomape\"><input type=\"text\" name=\"nomape\" value=\"\" size=\"60\" maxlength=\"60\" class=\"wpcf7-form-control wpcf7-text wpcf7-validates-as-required rrhh\" id=\"nomape\" aria-required=\"true\" aria-invalid=\"false\" \/><\/span><\/p>\n<p>Email (requerido):<br \/>\n<span class=\"wpcf7-form-control-wrap email\"><input type=\"email\" name=\"email\" value=\"\" size=\"60\" maxlength=\"60\" class=\"wpcf7-form-control wpcf7-text wpcf7-email wpcf7-validates-as-required wpcf7-validates-as-email rrhh\" id=\"email\" aria-required=\"true\" aria-invalid=\"false\" \/><\/span><\/p>\n<p>Selecciona, al menos, dos puestos de trabajo preferentes (requerido):<br \/>\n<span class=\"wpcf7-form-control-wrap puestotrabajo\"><select name=\"puestotrabajo[]\" class=\"wpcf7-form-control wpcf7-select wpcf7-validates-as-required rrhh\" id=\"puestotrabajo\" aria-required=\"true\" aria-invalid=\"false\" multiple=\"multiple\"><option value=\"Carga y Descarga\">Carga y Descarga<\/option><option value=\"Carretilleros\">Carretilleros<\/option><option value=\"Mozos de Almac\u00e9n\">Mozos de Almac\u00e9n<\/option><option value=\"Administraci\u00f3n General\">Administraci\u00f3n General<\/option><option value=\"T\u00e9cnicos de Alimentaci\u00f3n\">T\u00e9cnicos de Alimentaci\u00f3n<\/option><option value=\"Carniceros\">Carniceros<\/option><option value=\"Pescaderos\">Pescaderos<\/option><\/select><\/span><\/p>\n<p>Adjunta tu curriculum (requerido):<br \/>\nFormatos aceptados: .doc, .pdf, .docx, .odt<br \/>\n<span class=\"wpcf7-form-control-wrap curriculum\"><input type=\"file\" name=\"curriculum\" size=\"40\" class=\"wpcf7-form-control wpcf7-file wpcf7-validates-as-required rrhh\" id=\"curriculum\" accept=\".jpg,.jpeg,.png,.gif,.pdf,.doc,.docx,.ppt,.pptx,.odt,.avi,.ogg,.m4a,.mov,.mp3,.mp4,.mpg,.wav,.wmv\" aria-required=\"true\" aria-invalid=\"false\" \/><\/span><\/p>\n<p class=\"comment-reply-title comentarios\"><strong>Informaci\u00f3n sobre protecci\u00f3n de datos<\/strong><\/p>\n<p class=\"comment-subscription-form\">\n<ul>\n<li><strong>Responsable: <\/strong>MercaGranada SA<\/li>\n<li><strong>Fin del tratamiento: <\/strong>Mantenerle informado de las distintas vacantes a un puesto de trabajo que se produzca en nuestra organizaci\u00f3n<\/li>\n<li><strong>Legitimaci\u00f3n: <\/strong>Prestaci\u00f3n del consentimiento<\/li>\n<li><strong>Comunicaci\u00f3n de los datos: <\/strong>No se ceder\u00e1n datos a terceros salvo por  obligaci\u00f3n legal.<\/li>\n<li><strong>Derechos: <\/strong>Acceder, rectificar y suprimir los datos, as\u00ed como otros derechos, como se explica en la infromaci\u00f3n adicional.<\/li>\n<li><strong>Contacto: <\/strong><a href=\"mailto:comercial@mercagranada.es\" title=\"Contacta\">comercial@mercagranada.es<\/a>.<\/li>\n<li><strong>Informaci\u00f3n adicional: <\/strong>M\u00e1s informaci\u00f3n en <a href=\"http:\/\/mercagranada.es\/informacion-adicional-detallada\/\" target = \"_BLANK\" title=\"Pol\u00edtica de Privacidad\">INFORMACI\u00d3N ADICIONAL DETALLADA<\/a>.<\/li>\n<\/ul>\n<p><span class=\"wpcf7-form-control-wrap acceptance-918\"><span class=\"wpcf7-form-control wpcf7-acceptance\"><span class=\"wpcf7-list-item\"><input type=\"checkbox\" name=\"acceptance-918\" value=\"1\" aria-invalid=\"false\" \/><\/span><\/span><\/span> He leido y acepto <a href=\"http:\/\/mercagranada.es\/politica-privacidad\/\" target=\"_blank\">la Pol\u00edtica de Privacidad<\/a><\/p>\n<p><span class=\"wpcf7-form-control-wrap acceptance-155\"><span class=\"wpcf7-form-control wpcf7-acceptance\"><span class=\"wpcf7-list-item\"><input type=\"checkbox\" name=\"acceptance-155\" value=\"1\" aria-invalid=\"false\" \/><\/span><\/span><\/span> He leido y acepto <a href=\"http:\/\/mercagranada.es\/informacion-adicional-detallada\/\" target=\"_blank\">el tratamiento de mis datos en las conciciones mencionadas<\/a><\/p>\n<p><span class=\"wpcf7-form-control-wrap checkbox-28\"><span class=\"wpcf7-form-control wpcf7-checkbox\"><span class=\"wpcf7-list-item first last\"><input type=\"checkbox\" name=\"checkbox-28[]\" value=\"No quiero recibir comunicaciones publicitarias\" \/><span class=\"wpcf7-list-item-label\">No quiero recibir comunicaciones publicitarias<\/span><\/span><\/span><\/span><\/p>\n<div class = \"bloque\">\n<div id=\"cf7sr-6a049a09ebb11\" class=\"cf7sr-g-recaptcha\" data-theme=\"light\" data-type=\"image\" data-size=\"normal\" data-sitekey=\"6Ld5HnoUAAAAAAuXsbNRUsDOBJNhjMO9CdLdDhxa\"><\/div>\n<p><span class=\"wpcf7-form-control-wrap cf7sr-recaptcha\" data-name=\"cf7sr-recaptcha\"><input type=\"hidden\" name=\"cf7sr-recaptcha\" value=\"\" class=\"wpcf7-form-control\"><\/span><\/div>\n<p><input type=\"submit\" value=\"Enviar\" class=\"wpcf7-form-control wpcf7-submit rrhh\" id=\"enviar\" \/><\/p>\n<p style=\"display: none !important;\"><label>&#916;<textarea name=\"_wpcf7_ak_hp_textarea\" cols=\"45\" rows=\"8\" maxlength=\"100\"><\/textarea><\/label><input type=\"hidden\" id=\"ak_js_1\" name=\"_wpcf7_ak_js\" value=\"104\"\/><script>document.getElementById( \"ak_js_1\" ).setAttribute( \"value\", ( new Date() ).getTime() );<\/script><\/p>\n<div class=\"wpcf7-response-output\" aria-hidden=\"true\"><\/div>\n<\/form>\n<\/div>\n<p>&nbsp;<\/p>\n<h2><strong>\u00bfEst\u00e1s buscando un trabajador para tu empresa en Mercagranada?<\/strong><\/h2>\n<p>Si est\u00e1s interesado en publicar algunas ofertas de empleo para encontrar un trabajador para tu empresa en la Unidad Alimentaria, te ofrecemos la posibilidad de contactar con profesionales que han enviado su curr\u00edculum y se encuentran en la base de datos de Mercagranada S.A.<\/p>\n<p>Ponte en contacto con nosotros a trav\u00e9s de este formulario:<\/p>\n<div role=\"form\" class=\"wpcf7\" id=\"wpcf7-f2271-o2\" lang=\"es-ES\" dir=\"ltr\">\n<div class=\"screen-reader-response\">\n<p role=\"status\" aria-live=\"polite\" aria-atomic=\"true\">\n<ul><\/ul>\n<\/div>\n<form action=\"\/espaciosdisponibles\/wp-json\/wp\/v2\/pages\/7297#wpcf7-f2271-o2\" method=\"post\" class=\"wpcf7-form init\" novalidate=\"novalidate\" data-status=\"init\">\n<div style=\"display: none;\">\n<input type=\"hidden\" name=\"_wpcf7\" value=\"2271\" \/><br \/>\n<input type=\"hidden\" name=\"_wpcf7_version\" value=\"5.3.2\" \/><br \/>\n<input type=\"hidden\" name=\"_wpcf7_locale\" value=\"es_ES\" \/><br \/>\n<input type=\"hidden\" name=\"_wpcf7_unit_tag\" value=\"wpcf7-f2271-o2\" \/><br \/>\n<input type=\"hidden\" name=\"_wpcf7_container_post\" value=\"0\" \/><br \/>\n<input type=\"hidden\" name=\"_wpcf7_posted_data_hash\" value=\"\" \/>\n<\/div>\n<p>Nombre de la Empresa (requerido):<br \/>\n<span class=\"wpcf7-form-control-wrap empresa\"><input type=\"text\" name=\"empresa\" value=\"\" size=\"60\" maxlength=\"60\" class=\"wpcf7-form-control wpcf7-text wpcf7-validates-as-required rrhh\" id=\"nombre\" aria-required=\"true\" aria-invalid=\"false\" \/><\/span><\/p>\n<p>Persona de Contacto (requerido):<br \/>\n<span class=\"wpcf7-form-control-wrap persona\"><input type=\"text\" name=\"persona\" value=\"\" size=\"60\" maxlength=\"60\" class=\"wpcf7-form-control wpcf7-text wpcf7-validates-as-required rrhh\" id=\"persona\" aria-required=\"true\" aria-invalid=\"false\" \/><\/span><\/p>\n<p>Email (requerido):<br \/>\n<span class=\"wpcf7-form-control-wrap email\"><input type=\"email\" name=\"email\" value=\"\" size=\"60\" maxlength=\"60\" class=\"wpcf7-form-control wpcf7-text wpcf7-email wpcf7-validates-as-required wpcf7-validates-as-email rrhh\" id=\"email\" aria-required=\"true\" aria-invalid=\"false\" \/><\/span><\/p>\n<p>N\u00famero de puesto de la Unidad Alimentaria:<br \/>\n<span class=\"wpcf7-form-control-wrap numero\"><input type=\"text\" name=\"numero\" value=\"\" size=\"3\" maxlength=\"3\" class=\"wpcf7-form-control wpcf7-text rrhh\" id=\"numero\" aria-invalid=\"false\" \/><\/span><\/p>\n<p>Selecciona el tipo de puesto que deseas cubrir:<br \/>\n<span class=\"wpcf7-form-control-wrap puestotrabajo\"><select name=\"puestotrabajo\" class=\"wpcf7-form-control wpcf7-select wpcf7-validates-as-required rrhh\" id=\"puestotrabajo\" aria-required=\"true\" aria-invalid=\"false\"><option value=\"Carga y Descarga\">Carga y Descarga<\/option><option value=\"Carretilleros\">Carretilleros<\/option><option value=\"Mozos de Almac\u00e9n\">Mozos de Almac\u00e9n<\/option><option value=\"Administraci\u00f3n General\">Administraci\u00f3n General<\/option><option value=\"T\u00e9cnicos de Alimentaci\u00f3n\">T\u00e9cnicos de Alimentaci\u00f3n<\/option><option value=\"Carniceros\">Carniceros<\/option><option value=\"Pescaderos\">Pescaderos<\/option><\/select><\/span><\/p>\n<p>Observaciones:<br \/>\n<span class=\"wpcf7-form-control-wrap observaciones\"><textarea name=\"observaciones\" cols=\"60\" rows=\"1\" class=\"wpcf7-form-control wpcf7-textarea rrhh\" id=\"observaciones\" aria-invalid=\"false\"><\/textarea><\/span><\/p>\n<p class=\"comment-reply-title comentarios\"><strong>Informaci\u00f3n sobre protecci\u00f3n de datos<\/strong><\/p>\n<p class=\"comment-subscription-form\">\n<ul>\n<li><strong>Responsable: <\/strong>MercaGranada SA<\/li>\n<li><strong>Fin del tratamiento: <\/strong>Mantenerle informado de las distintas vacantes a un puesto de trabajo que se produzca en nuestra organizaci\u00f3n<\/li>\n<li><strong>Legitimaci\u00f3n: <\/strong>Prestaci\u00f3n del consentimiento<\/li>\n<li><strong>Comunicaci\u00f3n de los datos: <\/strong>No se ceder\u00e1n datos a terceros salvo por  obligaci\u00f3n legal.<\/li>\n<li><strong>Derechos: <\/strong>Acceder, rectificar y suprimir los datos, as\u00ed como otros derechos, como se explica en la infromaci\u00f3n adicional.<\/li>\n<li><strong>Contacto: <\/strong><a href=\"mailto:comercial@mercagranada.es\" title=\"Contacta\">comercial@mercagranada.es<\/a>.<\/li>\n<li><strong>Informaci\u00f3n adicional: <\/strong>M\u00e1s informaci\u00f3n en <a href=\"http:\/\/mercagranada.es\/informacion-adicional-detallada\/\" target = \"_BLANK\" title=\"Pol\u00edtica de Privacidad\">INFORMACI\u00d3N ADICIONAL DETALLADA<\/a>.<\/li>\n<\/ul>\n<p><span class=\"wpcf7-form-control-wrap acceptance-918\"><span class=\"wpcf7-form-control wpcf7-acceptance\"><span class=\"wpcf7-list-item\"><input type=\"checkbox\" name=\"acceptance-918\" value=\"1\" aria-invalid=\"false\" \/><\/span><\/span><\/span> He leido y acepto <a href=\"http:\/\/mercagranada.es\/politica-privacidad\/\" target=\"_blank\">la Pol\u00edtica de Privacidad<\/a><\/p>\n<p><span class=\"wpcf7-form-control-wrap acceptance-155\"><span class=\"wpcf7-form-control wpcf7-acceptance\"><span class=\"wpcf7-list-item\"><input type=\"checkbox\" name=\"acceptance-155\" value=\"1\" aria-invalid=\"false\" \/><\/span><\/span><\/span> He leido y acepto <a href=\"http:\/\/mercagranada.es\/informacion-adicional-detallada\/\" target=\"_blank\">el tratamiento de mis datos en las conciciones mencionadas<\/a><\/p>\n<p><span class=\"wpcf7-form-control-wrap checkbox-28\"><span class=\"wpcf7-form-control wpcf7-checkbox\"><span class=\"wpcf7-list-item first last\"><input type=\"checkbox\" name=\"checkbox-28[]\" value=\"No quiero recibir comunicaciones publicitarias\" \/><span class=\"wpcf7-list-item-label\">No quiero recibir comunicaciones publicitarias<\/span><\/span><\/span><\/span><\/p>\n<div class = \"bloque\">\n<div id=\"cf7sr-6a049a09ec68b\" class=\"cf7sr-g-recaptcha\" data-theme=\"light\" data-type=\"image\" data-size=\"normal\" data-sitekey=\"6Ld5HnoUAAAAAAuXsbNRUsDOBJNhjMO9CdLdDhxa\"><\/div>\n<p><span class=\"wpcf7-form-control-wrap cf7sr-recaptcha\" data-name=\"cf7sr-recaptcha\"><input type=\"hidden\" name=\"cf7sr-recaptcha\" value=\"\" class=\"wpcf7-form-control\"><\/span><\/div>\n<p><input type=\"submit\" value=\"Enviar\" class=\"wpcf7-form-control wpcf7-submit rrhh\" id=\"enviar\" \/><\/p>\n<p style=\"display: none !important;\"><label>&#916;<textarea name=\"_wpcf7_ak_hp_textarea\" cols=\"45\" rows=\"8\" maxlength=\"100\"><\/textarea><\/label><input type=\"hidden\" id=\"ak_js_2\" name=\"_wpcf7_ak_js\" value=\"215\"\/><script>document.getElementById( \"ak_js_2\" ).setAttribute( \"value\", ( new Date() ).getTime() );<\/script><\/p>\n<div class=\"wpcf7-response-output\" aria-hidden=\"true\"><\/div>\n<\/form>\n<\/div>\n","protected":false},"excerpt":{"rendered":"<p>A continuaci\u00f3n encontrar\u00e1s la lista de ofertas de empleo vigentes. Si crees que tu perfil encaja con los procesos abiertos no dudes en enviarnos tu curr\u00edculum para tenerlo en cuenta. &nbsp; Selecci\u00f3n de personal Anuncio convocatoria 2015 para la contrataci\u00f3n de dos plazas de agente de atenci\u00f3n al cliente.&#8211; Descargar documento de convocatoria &#8211; Descargar [&hellip;]<\/p>\n","protected":false},"author":1,"featured_media":0,"parent":0,"menu_order":0,"comment_status":"closed","ping_status":"closed","template":"page_sidebar.php","meta":[],"_links":{"self":[{"href":"https:\/\/new.mercagranada.es\/espaciosdisponibles\/wp-json\/wp\/v2\/pages\/7297"}],"collection":[{"href":"https:\/\/new.mercagranada.es\/espaciosdisponibles\/wp-json\/wp\/v2\/pages"}],"about":[{"href":"https:\/\/new.mercagranada.es\/espaciosdisponibles\/wp-json\/wp\/v2\/types\/page"}],"author":[{"embeddable":true,"href":"https:\/\/new.mercagranada.es\/espaciosdisponibles\/wp-json\/wp\/v2\/users\/1"}],"replies":[{"embeddable":true,"href":"https:\/\/new.mercagranada.es\/espaciosdisponibles\/wp-json\/wp\/v2\/comments?post=7297"}],"version-history":[{"count":5,"href":"https:\/\/new.mercagranada.es\/espaciosdisponibles\/wp-json\/wp\/v2\/pages\/7297\/revisions"}],"predecessor-version":[{"id":7304,"href":"https:\/\/new.mercagranada.es\/espaciosdisponibles\/wp-json\/wp\/v2\/pages\/7297\/revisions\/7304"}],"wp:attachment":[{"href":"https:\/\/new.mercagranada.es\/espaciosdisponibles\/wp-json\/wp\/v2\/media?parent=7297"}],"curies":[{"name":"wp","href":"https:\/\/api.w.org\/{rel}","templated":true}]}}