{"id":795,"date":"2013-06-25T12:10:59","date_gmt":"2013-06-25T12:10:59","guid":{"rendered":"http:\/\/mercagranada.es\/espaciosdisponibles\/?page_id=795"},"modified":"2023-11-02T14:25:55","modified_gmt":"2023-11-02T12:25:55","slug":"mercagranada-sitio-ideal-empresa","status":"publish","type":"page","link":"https:\/\/new.mercagranada.es\/espaciosdisponibles\/","title":{"rendered":"Mercagranada &#8211; El sitio ideal para tu empresa"},"content":{"rendered":"<div class=\"bienvenida\">\n<h1>Bienvenido a la web de Mercagranada<\/h1>\n<p><strong>Mercagranada<\/strong>, somos el <strong>centro log\u00edstico y de servicios especializado en alimentaci\u00f3n para mayoristas <\/strong>m\u00e1s importante de<strong> Granada<\/strong>. Conoce todos los <strong><a href=\"http:\/\/mercagranada.es\/espaciosdisponibles\/index.php\/servicios-mercagranada\/\">servicios<\/a> <\/strong>que ofrecemos para que tu empresa crezca, entre ellos tenemos el <a href=\"http:\/\/mercagranada.es\/alquiler-locales-comerciales-en-granada\/\" target=\"_blank\" rel=\"noopener noreferrer\"><strong>alquiler de espacios disponibles,<\/strong><\/a>\u00a0el <strong><a href=\"http:\/\/mercagranada.es\/servicios-mercagranada\/alquiler-de-parking-en-granada\/\">alquiler de parking<\/a><\/strong>\u00a0y otras opciones para mejorar la notoriedad de tu empresa.<\/p>\n<h2 style=\"text-align: center;\">\u00bfQu\u00e9 podemos ofrecer para tu empresa?<\/h2>\n<p><strong>Mercagranada piensa en ti<\/strong>, buscamos que diferencies tu negocio de los dem\u00e1s, por lo que te animamos a\u00a0conocer todas las oportunidades actuales de beneficiarte de los servicios de MercaGranada.<\/p>\n<p>Entre los servicios que puedes encontrar para facilitar tu tarea diaria, ofrecemos:<\/p>\n<p>Un\u00a0<strong>amplio parking <\/strong>para tu comodidad, entre otras cosas te har\u00e1 ahorrar tiempo, por otra parte, la seguridad es primordial\u00a0para un negocio, por ello disponemos de medidas de seguridad como lo son: <strong>El\u00a0control de accesos,\u00a0c\u00e1maras de vigilancia 24 horas<\/strong>, <strong>personal de vigilancia<\/strong> del recinto y un <strong>sistema contra incendios. <\/strong><\/p>\n<p>Ofrecemos la oportunidad de que instales tu negocio en nuestro centro,<strong> con alquiler de espacios en naves y locales comerciales, <\/strong>adem\u00e1s acceder\u00e1s a otros servicios complementarios como la <strong>compra de hielo al por mayor<\/strong>. Puedes <a href=\"http:\/\/mercagranada.es\/contacto\/\">contactar<\/a> con nosotros a trav\u00e9s de correo, tel\u00e9fono o redes sociales, para informarte de todas las ventajas de pertenecer a <a href=\"https:\/\/www.facebook.com\/MercagranadaSA\/\">MercaGranada<\/a>.<\/p>\n<\/div>\n<p><!--\n\n\n<div class=\"bannersHome\">\n--><\/p>\n<div class=\"col-md-12 jky-banners\">\n<div class=\"col-md-6\">\n<div class=\"col-md-12\"><a href=\"http:\/\/mercagranada.es\/alquiler-locales-comerciales-en-granada\/\"><img loading=\"lazy\" class=\"aligncenter\" title=\"Espacios Disponibles\" src=\"http:\/\/mercagranada.es\/espaciosdisponibles\/wp-content\/uploads\/2019\/11\/banner-alquiler-espacios-mercagranada.png\" alt=\"MercaGranada - Banner Espacios Disponibles\" width=\"743\" height=\"228\" \/><\/a><\/div>\n<\/div>\n<div class=\"col-md-6\">\n<div class=\"col-md-12\"><a href=\"http:\/\/mercagranada.es\/solicitud-claves-oficina-virtual\/\"><img loading=\"lazy\" class=\"aligncenter\" title=\"Solicitud claves oficina Virtual\" src=\"http:\/\/mercagranada.es\/espaciosdisponibles\/wp-content\/uploads\/2023\/11\/solicitud-claves-oficina-virtual.png\" alt=\"MercaGranada - Banner Espacios Disponibles\" width=\"743\" height=\"228\" \/><\/a><\/div>\n<\/div>\n<\/div>\n","protected":false},"excerpt":{"rendered":"<p>Bienvenido a la web de Mercagranada Mercagranada, somos el centro log\u00edstico y de servicios especializado en alimentaci\u00f3n para mayoristas m\u00e1s importante de Granada. Conoce todos los servicios que ofrecemos para que tu empresa crezca, entre ellos tenemos el alquiler de espacios disponibles,\u00a0el alquiler de parking\u00a0y otras opciones para mejorar la notoriedad de tu empresa. \u00bfQu\u00e9 [&hellip;]<\/p>\n","protected":false},"author":1,"featured_media":0,"parent":0,"menu_order":0,"comment_status":"closed","ping_status":"closed","template":"page_home.php","meta":[],"_links":{"self":[{"href":"https:\/\/new.mercagranada.es\/espaciosdisponibles\/wp-json\/wp\/v2\/pages\/795"}],"collection":[{"href":"https:\/\/new.mercagranada.es\/espaciosdisponibles\/wp-json\/wp\/v2\/pages"}],"about":[{"href":"https:\/\/new.mercagranada.es\/espaciosdisponibles\/wp-json\/wp\/v2\/types\/page"}],"author":[{"embeddable":true,"href":"https:\/\/new.mercagranada.es\/espaciosdisponibles\/wp-json\/wp\/v2\/users\/1"}],"replies":[{"embeddable":true,"href":"https:\/\/new.mercagranada.es\/espaciosdisponibles\/wp-json\/wp\/v2\/comments?post=795"}],"version-history":[{"count":100,"href":"https:\/\/new.mercagranada.es\/espaciosdisponibles\/wp-json\/wp\/v2\/pages\/795\/revisions"}],"predecessor-version":[{"id":52087,"href":"https:\/\/new.mercagranada.es\/espaciosdisponibles\/wp-json\/wp\/v2\/pages\/795\/revisions\/52087"}],"wp:attachment":[{"href":"https:\/\/new.mercagranada.es\/espaciosdisponibles\/wp-json\/wp\/v2\/media?parent=795"}],"curies":[{"name":"wp","href":"https:\/\/api.w.org\/{rel}","templated":true}]}}