{"id":910,"date":"2013-08-08T07:54:04","date_gmt":"2013-08-08T07:54:04","guid":{"rendered":"http:\/\/mercagranada.es\/espaciosdisponibles\/?page_id=910"},"modified":"2021-03-15T15:29:11","modified_gmt":"2021-03-15T13:29:11","slug":"historia-de-mercagranada","status":"publish","type":"page","link":"https:\/\/new.mercagranada.es\/espaciosdisponibles\/historia-de-mercagranada\/","title":{"rendered":"Historia de Mercagranada"},"content":{"rendered":"<p style=\"text-align: justify;\">Mercagranada (Mercados Centrales de Abastecimiento de Granada S.A.)<strong> se constituy\u00f3 como sociedad an\u00f3nima el 6 de noviembre de 1967 <\/strong>y como Empresa Mixta el 8 de agosto de 1975. Su objeto social y actividad consisten en la promoci\u00f3n y explotaci\u00f3n de los Mercados Centrales Mayoristas, as\u00ed como la mejora de todos los \u00f3rdenes del ciclo de comercializaci\u00f3n de los productos alimenticios.<\/p>\n<p style=\"text-align: justify;\">Mercagranada S.A. comienza su actividad<strong> en 1973<\/strong> con la implantaci\u00f3n en sus terrenos del <strong>Mercado Central Mayorista de Frutas y Verduras, de Pescado y de Polivalencia,<\/strong> un pabell\u00f3n para envases vac\u00edos y un stand para la venta de frutas y hortalizas de los peque\u00f1os productores de la huerta granadina que tradicionalmente ofrec\u00edan sus productos en los aleda\u00f1os del antiguo Mercado de Fuentenueva, en el centro de la ciudad. El resto de superficies los constitu\u00eda la ZAC (zona de actividades complementarias).<\/p>\n<p style=\"text-align: justify;\"><strong>En 1977<\/strong>, inicia sus actividades el Matadero de Mercagranada y se pone en funcionamiento la depuradora de aguas residuales. El matadero prest\u00f3 una oferta de servicios mucho m\u00e1s amplia que la que se daba en las antiguas instalaciones municipales en el centro de la ciudad que databan del siglo XVIII. Adem\u00e1s se modernizan y se centralizan las dependencias para la inspecci\u00f3n sanitaria.<\/p>\n<p style=\"text-align: justify;\">En Julio de <strong>1989 s<\/strong>e moderniza el matadero y se construye la Nave Multiuso y el Pabell\u00f3n Comercial n\u00ba 1.<\/p>\n<p style=\"text-align: justify;\">En 1993 se abre al p\u00fablico un nuevo vial de acceso a la Unidad Alimentaria, con la finalidad de despejar el tr\u00e1fico de la carretera nacional 432 y descongestionar el antiguo acceso. Con dicho desarrollo se generan espacios para la consolidaci\u00f3n de un pol\u00edgono industrial agroalimentario.<\/p>\n<p style=\"text-align: justify;\">En octubre de <strong>1995<\/strong> se cierra el matadero al p\u00fablico y, al a\u00f1o siguiente, se procede a su demolici\u00f3n para recuperar la superficie de una parcela de aproximadamente 40.000 metros cuadrados.<\/p>\n<p><img loading=\"lazy\" class=\"aligncenter size-full wp-image-10858\" src=\"http:\/\/mercagranada.es\/espaciosdisponibles\/wp-content\/uploads\/2018\/06\/historia-1.jpg\" alt=\"\" width=\"598\" height=\"702\" srcset=\"https:\/\/new.mercagranada.es\/espaciosdisponibles\/wp-content\/uploads\/2018\/06\/historia-1.jpg 598w, https:\/\/new.mercagranada.es\/espaciosdisponibles\/wp-content\/uploads\/2018\/06\/historia-1-128x150.jpg 128w, https:\/\/new.mercagranada.es\/espaciosdisponibles\/wp-content\/uploads\/2018\/06\/historia-1-256x300.jpg 256w\" sizes=\"(max-width: 598px) 100vw, 598px\" \/><\/p>\n<p style=\"text-align: justify;\">A finales de <strong>1998 <\/strong>se inaugur\u00f3 como nuevo servicio, ante una creciente demanda, un aparcamiento para veh\u00edculos de transporte pesado en recinto cerrado y vigilado con c\u00e1maras de televisi\u00f3n.<\/p>\n<p style=\"text-align: justify;\">En el a\u00f1o <strong>2000 <\/strong>se acometieron reformas en las naves de frutas y hortalizas para su adecuaci\u00f3n a las nuevas normativas t\u00e9cnico\u2013sanitarias y a la nueva realidad comercial.<\/p>\n<p style=\"text-align: justify;\">Durante el a\u00f1o <strong>2001<\/strong> comenzaron las obras de ampliaci\u00f3n y reforma de la nave de pescados, las cuales finalizaron en julio de 2002.<\/p>\n<p style=\"text-align: justify;\">A finales de <strong>2002<\/strong> se han adjudicado las obras para la construcci\u00f3n de un nuevo vial junto a la Nave de Pescado, el aparcamiento espec\u00edfico para los minoristas de pescado y la restauraci\u00f3n del vial de entrada. Otras obras necesarias que fueron adjudicadas en diciembre del mismo a\u00f1o fueron las reformas de las instalaciones frigor\u00edficas de las Naves de Frutas y Hortalizas y Pescados.<\/p>\n<p>&nbsp;<\/p>\n<p><img loading=\"lazy\" class=\"aligncenter wp-image-10859\" src=\"http:\/\/mercagranada.es\/espaciosdisponibles\/wp-content\/uploads\/2018\/06\/historia-2.jpg\" alt=\"\" width=\"641\" height=\"637\" srcset=\"https:\/\/new.mercagranada.es\/espaciosdisponibles\/wp-content\/uploads\/2018\/06\/historia-2.jpg 657w, https:\/\/new.mercagranada.es\/espaciosdisponibles\/wp-content\/uploads\/2018\/06\/historia-2-150x150.jpg 150w, https:\/\/new.mercagranada.es\/espaciosdisponibles\/wp-content\/uploads\/2018\/06\/historia-2-300x298.jpg 300w\" sizes=\"(max-width: 641px) 100vw, 641px\" \/><\/p>\n<p><img loading=\"lazy\" class=\"aligncenter wp-image-10860 size-full\" src=\"http:\/\/mercagranada.es\/espaciosdisponibles\/wp-content\/uploads\/2018\/06\/historia-3.jpg\" alt=\"\" width=\"629\" height=\"682\" srcset=\"https:\/\/new.mercagranada.es\/espaciosdisponibles\/wp-content\/uploads\/2018\/06\/historia-3.jpg 629w, https:\/\/new.mercagranada.es\/espaciosdisponibles\/wp-content\/uploads\/2018\/06\/historia-3-138x150.jpg 138w, https:\/\/new.mercagranada.es\/espaciosdisponibles\/wp-content\/uploads\/2018\/06\/historia-3-277x300.jpg 277w\" sizes=\"(max-width: 629px) 100vw, 629px\" \/><\/p>\n<p>&nbsp;<\/p>\n<p style=\"text-align: justify;\"><img class=\"alignnone size-full wp-image-5183\" src=\"http:\/\/mercagranada.es\/espaciosdisponibles\/wp-content\/uploads\/servicios-merca.jpg\" alt=\"servicios merca\" width=\"100%\" srcset=\"https:\/\/new.mercagranada.es\/espaciosdisponibles\/wp-content\/uploads\/servicios-merca.jpg 2268w, https:\/\/new.mercagranada.es\/espaciosdisponibles\/wp-content\/uploads\/servicios-merca-300x113.jpg 300w, https:\/\/new.mercagranada.es\/espaciosdisponibles\/wp-content\/uploads\/servicios-merca-1024x384.jpg 1024w\" sizes=\"(max-width: 2268px) 100vw, 2268px\" \/><\/p>\n<p><a style=\"background-color: #000; color: #ffffff; padding: 10px 25px;\" href=\"http:\/\/mercagranada.es\/index.php\/servicios-mercagranada\/\" target=\"_blank\" rel=\"noopener noreferrer\">\u00bfQui\u00e9res conocer nuestros servicios?<\/a><\/p>\n","protected":false},"excerpt":{"rendered":"<p>Mercagranada (Mercados Centrales de Abastecimiento de Granada S.A.) se constituy\u00f3 como sociedad an\u00f3nima el 6 de noviembre de 1967 y como Empresa Mixta el 8 de agosto de 1975. Su objeto social y actividad consisten en la promoci\u00f3n y explotaci\u00f3n de los Mercados Centrales Mayoristas, as\u00ed como la mejora de todos los \u00f3rdenes del ciclo [&hellip;]<\/p>\n","protected":false},"author":1,"featured_media":0,"parent":0,"menu_order":0,"comment_status":"open","ping_status":"open","template":"page_sidebar.php","meta":[],"_links":{"self":[{"href":"https:\/\/new.mercagranada.es\/espaciosdisponibles\/wp-json\/wp\/v2\/pages\/910"}],"collection":[{"href":"https:\/\/new.mercagranada.es\/espaciosdisponibles\/wp-json\/wp\/v2\/pages"}],"about":[{"href":"https:\/\/new.mercagranada.es\/espaciosdisponibles\/wp-json\/wp\/v2\/types\/page"}],"author":[{"embeddable":true,"href":"https:\/\/new.mercagranada.es\/espaciosdisponibles\/wp-json\/wp\/v2\/users\/1"}],"replies":[{"embeddable":true,"href":"https:\/\/new.mercagranada.es\/espaciosdisponibles\/wp-json\/wp\/v2\/comments?post=910"}],"version-history":[{"count":44,"href":"https:\/\/new.mercagranada.es\/espaciosdisponibles\/wp-json\/wp\/v2\/pages\/910\/revisions"}],"predecessor-version":[{"id":50409,"href":"https:\/\/new.mercagranada.es\/espaciosdisponibles\/wp-json\/wp\/v2\/pages\/910\/revisions\/50409"}],"wp:attachment":[{"href":"https:\/\/new.mercagranada.es\/espaciosdisponibles\/wp-json\/wp\/v2\/media?parent=910"}],"curies":[{"name":"wp","href":"https:\/\/api.w.org\/{rel}","templated":true}]}}