{"id":949,"date":"2013-08-08T10:45:42","date_gmt":"2013-08-08T10:45:42","guid":{"rendered":"http:\/\/mercagranada.es\/espaciosdisponibles\/?page_id=949"},"modified":"2021-03-15T19:06:06","modified_gmt":"2021-03-15T17:06:06","slug":"servicios-mercagranada","status":"publish","type":"page","link":"https:\/\/new.mercagranada.es\/espaciosdisponibles\/servicios-mercagranada\/","title":{"rendered":"Servicios"},"content":{"rendered":"<p><img loading=\"lazy\" class=\"ancho-completo alignnone wp-image-4669 size-full\" title=\"servicios mercagranadda\" src=\"http:\/\/mercagranada.es\/espaciosdisponibles\/wp-content\/uploads\/mercagranada-servicios1.jpg\" alt=\"Servicios de MercaGranada SA\" width=\"610\" height=\"300\" srcset=\"https:\/\/new.mercagranada.es\/espaciosdisponibles\/wp-content\/uploads\/mercagranada-servicios1.jpg 610w, https:\/\/new.mercagranada.es\/espaciosdisponibles\/wp-content\/uploads\/mercagranada-servicios1-300x147.jpg 300w\" sizes=\"(max-width: 610px) 100vw, 610px\" \/><\/p>\n<h2>\u00bfQu\u00e9 podemos ofrecerte?<\/h2>\n<p><a href=\"http:\/\/mercagranada.es\/alquiler-locales-comerciales-en-granada\/\"><img loading=\"lazy\" class=\"alignleft wp-image-4670 size-full\" src=\"http:\/\/mercagranada.es\/espaciosdisponibles\/wp-content\/uploads\/mercagranada-servicios-categorias-01.jpg\" alt=\"Servicios | Alquiler - MercaGranada SA\" width=\"300\" height=\"84\" \/><\/a><\/p>\n<p>Disponemos de una amplia selecci\u00f3n de <strong>locales comerciales, naves y oficinas en alquiler<\/strong> para empresas relacionadas con el sector alimentario o de servicios. Conoce las ventajas de instalar tu empresa en Mercagranada<\/p>\n<div class=\"clear\"><\/div>\n<p>&nbsp;<\/p>\n<p><a href=\"http:\/\/mercagranada.es\/servicios-mercagranada\/alquiler-de-parking\/\"><img loading=\"lazy\" class=\"alignleft wp-image-4671 size-full\" src=\"http:\/\/mercagranada.es\/espaciosdisponibles\/wp-content\/uploads\/mercagranada-servicios-categorias-02.jpg\" alt=\"Servicios | Parking - MercaGranada SA\" width=\"301\" height=\"84\" srcset=\"https:\/\/new.mercagranada.es\/espaciosdisponibles\/wp-content\/uploads\/mercagranada-servicios-categorias-02.jpg 301w, https:\/\/new.mercagranada.es\/espaciosdisponibles\/wp-content\/uploads\/mercagranada-servicios-categorias-02-300x84.jpg 300w\" sizes=\"(max-width: 301px) 100vw, 301px\" \/><\/a>Un espacio ideal para el <strong>alquiler de parking para su veh\u00edculo en Granada<\/strong>, (camiones, autocares, turismos, caravanas, etc.) gracias a los servicios que prestamos y su inmejorable relaci\u00f3n calidad-precio. Es por ello que nuestros clientes nos eligen como primera opci\u00f3n.<\/p>\n<div class=\"clear\"><\/div>\n<p>&nbsp;<\/p>\n<p><a href=\"http:\/\/mercagranada.es\/servicios-mercagranada\/acceso-y-estacionamiento\/\"><img loading=\"lazy\" class=\"alignleft wp-image-4672 size-full\" src=\"http:\/\/mercagranada.es\/espaciosdisponibles\/wp-content\/uploads\/mercagranada-servicios-categorias-03.jpg\" alt=\"Servicios | Control de Accesos - MercaGranada SA\" width=\"301\" height=\"84\" srcset=\"https:\/\/new.mercagranada.es\/espaciosdisponibles\/wp-content\/uploads\/mercagranada-servicios-categorias-03.jpg 301w, https:\/\/new.mercagranada.es\/espaciosdisponibles\/wp-content\/uploads\/mercagranada-servicios-categorias-03-300x84.jpg 300w\" sizes=\"(max-width: 301px) 100vw, 301px\" \/><\/a>Mercagranada es un lugar seguro para realizar cualquier actividad y\/o disfrutar de alguno de los servicios que ofrece, por la simple raz\u00f3n de que dispone de accesos controlados, c\u00e1maras de vigilancia 24 horas, personal de vigilancia del recinto y un sistema contra incendios.\u00a0Consulte nuestras tarifas y bonos de acceso.<\/p>\n<p>&nbsp;<\/p>\n<p><a href=\"http:\/\/mercagranada.es\/servicios-mercagranada\/seguridad\/\"><img loading=\"lazy\" class=\"alignleft wp-image-4673 size-full\" src=\"http:\/\/mercagranada.es\/espaciosdisponibles\/wp-content\/uploads\/mercagranada-servicios-categorias-04.jpg\" alt=\"Servicios | Seguridad - MercaGranada SA\" width=\"300\" height=\"85\" \/><\/a><\/p>\n<p>Un<strong> recinto videovigilado \u00a0y con seguridad las 24 horas los 365 d\u00edas del a\u00f1o<\/strong>. Seguridad, calidad y confianza. No dude en trabajar con nosotros.<\/p>\n<div class=\"clear\"><\/div>\n<p>&nbsp;<\/p>\n<p>&nbsp;<\/p>\n<p><a href=\"http:\/\/mercagranada.es\/servicios-mercagranada\/venta-de-hielo\/\"><img loading=\"lazy\" class=\"alignleft wp-image-4675 size-full\" src=\"http:\/\/mercagranada.es\/espaciosdisponibles\/wp-content\/uploads\/mercagranada-servicios-categorias-06.jpg\" alt=\"Servicios | Venta de Hielo - MercaGranada SA\" width=\"301\" height=\"85\" srcset=\"https:\/\/new.mercagranada.es\/espaciosdisponibles\/wp-content\/uploads\/mercagranada-servicios-categorias-06.jpg 301w, https:\/\/new.mercagranada.es\/espaciosdisponibles\/wp-content\/uploads\/mercagranada-servicios-categorias-06-300x85.jpg 300w\" sizes=\"(max-width: 301px) 100vw, 301px\" \/><\/a><strong>Venta de hielo al por mayor en escamas<\/strong>, para mayoristas, detallistas y hosteler\u00eda. Consigue los mejores precios y economiza tus gastos.<\/p>\n<div class=\"clear\"><\/div>\n<div class=\"clear\"><\/div>\n<p>&nbsp;<\/p>\n<p><a href=\"http:\/\/mercagranada.es\/servicios-mercagranada\/gestion-de-residuos\/\"><img loading=\"lazy\" class=\"alignleft wp-image-4676 size-full\" src=\"http:\/\/mercagranada.es\/espaciosdisponibles\/wp-content\/uploads\/mercagranada-servicios-categorias-07.jpg\" alt=\"Servicios | Gesti\u00f3n Residuos - MercaGranada SA\" width=\"300\" height=\"85\" \/><\/a>Conoce la pol\u00edtica medioambiental de Mercagranada. Separaci\u00f3n y gesti\u00f3n de residuos. Consulta nuestros puntos de vertido. Juntos podemos conseguirlo.<\/p>\n<div class=\"clear\"><\/div>\n<p>&nbsp;<\/p>\n<p><strong>&gt; Mercagranada dispone de una B\u00e1scula P\u00fablica en la que podr\u00e1s pesar tu veh\u00edculo de forma r\u00e1pida y sencilla.<\/strong><\/p>\n","protected":false},"excerpt":{"rendered":"<p>\u00bfQu\u00e9 podemos ofrecerte? Disponemos de una amplia selecci\u00f3n de locales comerciales, naves y oficinas en alquiler para empresas relacionadas con el sector alimentario o de servicios. Conoce las ventajas de instalar tu empresa en Mercagranada &nbsp; Un espacio ideal para el alquiler de parking para su veh\u00edculo en Granada, (camiones, autocares, turismos, caravanas, etc.) gracias [&hellip;]<\/p>\n","protected":false},"author":1,"featured_media":0,"parent":0,"menu_order":0,"comment_status":"open","ping_status":"open","template":"page_sidebar.php","meta":[],"_links":{"self":[{"href":"https:\/\/new.mercagranada.es\/espaciosdisponibles\/wp-json\/wp\/v2\/pages\/949"}],"collection":[{"href":"https:\/\/new.mercagranada.es\/espaciosdisponibles\/wp-json\/wp\/v2\/pages"}],"about":[{"href":"https:\/\/new.mercagranada.es\/espaciosdisponibles\/wp-json\/wp\/v2\/types\/page"}],"author":[{"embeddable":true,"href":"https:\/\/new.mercagranada.es\/espaciosdisponibles\/wp-json\/wp\/v2\/users\/1"}],"replies":[{"embeddable":true,"href":"https:\/\/new.mercagranada.es\/espaciosdisponibles\/wp-json\/wp\/v2\/comments?post=949"}],"version-history":[{"count":35,"href":"https:\/\/new.mercagranada.es\/espaciosdisponibles\/wp-json\/wp\/v2\/pages\/949\/revisions"}],"predecessor-version":[{"id":50433,"href":"https:\/\/new.mercagranada.es\/espaciosdisponibles\/wp-json\/wp\/v2\/pages\/949\/revisions\/50433"}],"wp:attachment":[{"href":"https:\/\/new.mercagranada.es\/espaciosdisponibles\/wp-json\/wp\/v2\/media?parent=949"}],"curies":[{"name":"wp","href":"https:\/\/api.w.org\/{rel}","templated":true}]}}